{"id":2646,"date":"2025-11-08T12:13:06","date_gmt":"2025-11-08T10:13:06","guid":{"rendered":"https:\/\/www.gtrs.dominocom.lu\/impressum\/"},"modified":"2025-11-08T12:38:52","modified_gmt":"2025-11-08T10:38:52","slug":"impressum","status":"publish","type":"page","link":"https:\/\/www.gtrs-sa.com\/de\/impressum\/","title":{"rendered":"Impressum"},"content":{"rendered":"<h2>Nutzungsbedingungen der Website<\/h2>\n<p>Die Website www.gtrs-sa.com ist eine digitale Plattform, die insbesondere der F\u00f6rderung der von GTRS SA angebotenen Dienstleistungen dient.<\/p>\n<p>Jeder Nutzer, der auf der Website surft, erkl\u00e4rt sich mit den untenstehenden Nutzungsbedingungen einverstanden und ist verpflichtet, diese einzuhalten.<\/p>\n<p>Diese Nutzungsbedingungen gelten nicht f\u00fcr auf der Website integrierte Module, die die Kommunikation mit anderen Websites und Drittplattformen erm\u00f6glichen, welche ihre eigenen Nutzungsbedingungen festgelegt haben.<\/p>\n<p>Bitte nehmen Sie Kenntnis von den Nutzungsbedingungen dieser Module bei ihren jeweiligen Anbietern.<\/p>\n<p>Diese Bedingungen k\u00f6nnen jederzeit ge\u00e4ndert werden. Jede \u00c4nderung wird auf der Website ver\u00f6ffentlicht, und jeder Nutzer, der nach deren Ver\u00f6ffentlichung auf die Website zugreift, erkl\u00e4rt sich mit den \u00c4nderungen einverstanden.<\/p>\n<p>Diese Nutzungsbedingungen unterliegen luxemburgischem Recht.<\/p>\n<h2>Urheberrecht<\/h2>\n<p>Der gesamte Inhalt der Website www.gtrs-sa.com, einschlie\u00dflich aller Logos, Marken, Fotos, Videos, Texte, Zeichnungen, Grafiken und Pr\u00e4sentationen, geh\u00f6rt GTRS SA.<br \/>\nJede Vervielf\u00e4ltigung, Verbreitung, Kopie, Anpassung oder Zitation der gesamten oder teilweisen Inhalte dieser Website, auf jeglichem Medium und f\u00fcr jegliche Nutzung, ist ausdr\u00fccklich untersagt, es sei denn, GTRS SA hat zuvor eine Genehmigung erteilt.<\/p>\n<p><strong>Bildnachweise:<\/strong><br \/>\nShutterstock,<br \/>\nGTRS SA,<br \/>\nDomino Com SAS,<br \/>\nWealth and Investment Solutions SAS<br \/>\n<strong>Virtueller Rundgang:<br \/>\n<\/strong>Wealth and Investment Solutions SAS.<\/p>\n<h2>Externe Links<\/h2>\n<p>Alle Links, die von einer externen Website stammen und auf die Website f\u00fchren, bed\u00fcrfen vor der Ver\u00f6ffentlichung der vorherigen Genehmigung von GTRS SA, die sich das Recht vorbeh\u00e4lt, jeden Zuwiderhandelnden zu verfolgen.<\/p>\n<p>GTRS SA \u00fcbernimmt keine Verantwortung f\u00fcr Links auf externen Websites, die auf die Website www.gtrs-sa.com verweisen, und kann in keinem Fall f\u00fcr den Inhalt dieser Drittwebsite allein aufgrund der Existenz dieser Links verantwortlich gemacht werden.<\/p>\n<p>Die Website www.gtrs-sa.com kann Links enthalten, die zu Partner-Websites und\/oder Drittanbieter-Websites weiterleiten. GTRS SA hat keine Kontrolle \u00fcber diese Drittwebsites und kann in keinem Fall den Inhalt dieser Websites oder die Nutzungsbedingungen, insbesondere im Hinblick auf den Datenschutz, \u00fcberwachen. GTRS SA kann in keinem Fall f\u00fcr Sch\u00e4den verantwortlich gemacht werden, die auf einer Website entstehen, auf die einer ihrer Nutzer weitergeleitet wurde.<\/p>\n<p>Das Klicken auf einen externen Link leitet den Nutzer der Website automatisch auf diese Websites weiter, die ihren eigenen Nutzungsbedingungen unterliegen und nicht diesen hier. Der Zugriff auf diese externen Websites erfolgt auf eigenes Risiko des Nutzers. GTRS SA kann nicht f\u00fcr jeglichen vorhandenen Inhalt verantwortlich gemacht werden.<\/p>\n<h2>Haftung<\/h2>\n<p>GTRS SA aktualisiert regelm\u00e4\u00dfig die Inhalte und die auf der Website vorhandenen Mechanismen, um dem Nutzer einen Zugang und eine Nutzung unter optimalen Bedingungen zu erm\u00f6glichen.<\/p>\n<p>Dennoch kann GTRS SA die Aktualit\u00e4t und Vollst\u00e4ndigkeit der auf der Website ver\u00f6ffentlichten Inhalte nicht in Echtzeit garantieren.<\/p>\n<p>Der Nutzer ist sich in diesem Zusammenhang voll bewusst, dass die auf der Website vorhandenen Inhalte nur zu Informationszwecken dienen.<\/p>\n<p>GTRS SA beh\u00e4lt sich das Recht vor, jederzeit \u00c4nderungen an der Website vorzunehmen, und kann dem Nutzer daher nicht die ununterbrochene, rechtzeitige, sichere und fehlerfreie Zug\u00e4nglichkeit der gesamten Website dauerhaft garantieren.<\/p>\n<p>GTRS SA kann nicht f\u00fcr Sch\u00e4den verantwortlich gemacht werden, die einem Nutzer durch die Handlungen eines Dritten entstehen, der durch unlautere technische Mittel die auf der Website verbreiteten Informationen genutzt hat. Wir stellen jedoch sicher, die uns zur Verf\u00fcgung stehenden Mittel einzusetzen, um gegen jede derartige Handlung vorzugehen, wobei wir durch die dem Internet inh\u00e4renten Einschr\u00e4nkungen begrenzt sind.<\/p>\n<p>Die Website wurde von Domino Communication entwickelt und wird so aktualisiert, dass ihre Zug\u00e4nglichkeit gew\u00e4hrleistet ist. Domino Communication garantiert jedoch in keinem Fall eine vollst\u00e4ndige Zug\u00e4nglichkeit der Website noch die Abwesenheit von Fehlern und insbesondere Bugs. Jeder Internetnutzer, der Schwierigkeiten bei der Navigation hat, wird gebeten, Domino Communication dar\u00fcber zu informieren, ohne dass Domino Communication verpflichtet ist, die Schwierigkeit zu l\u00f6sen.<\/p>\n<p>GTRS SA hat das Recht, jede Person zu verfolgen, die auf irgendeine Weise versucht hat, die Website www.gtrs-sa.com anzugreifen, sei es ihre technische Struktur oder ihren ver\u00f6ffentlichten Inhalt.<\/p>\n","protected":false},"excerpt":{"rendered":"<p>Nutzungsbedingungen der Website Die Website www.gtrs-sa.com ist eine digitale Plattform, die insbesondere der F\u00f6rderung der von GTRS SA angebotenen Dienstleistungen dient. Jeder Nutzer, der auf der Website surft, erkl\u00e4rt sich mit den untenstehenden Nutzungsbedingungen einverstanden und ist verpflichtet, diese einzuhalten. Diese Nutzungsbedingungen gelten nicht f\u00fcr auf der Website integrierte Module, die die Kommunikation mit anderen [&hellip;]<\/p>\n","protected":false},"author":1,"featured_media":0,"parent":0,"menu_order":0,"comment_status":"closed","ping_status":"closed","template":"","meta":{"site-sidebar-layout":"default","site-content-layout":"","ast-site-content-layout":"default","site-content-style":"default","site-sidebar-style":"default","ast-global-header-display":"","ast-banner-title-visibility":"","ast-main-header-display":"","ast-hfb-above-header-display":"","ast-hfb-below-header-display":"","ast-hfb-mobile-header-display":"","site-post-title":"","ast-breadcrumbs-content":"","ast-featured-img":"","footer-sml-layout":"","theme-transparent-header-meta":"default","adv-header-id-meta":"","stick-header-meta":"","header-above-stick-meta":"","header-main-stick-meta":"","header-below-stick-meta":"","astra-migrate-meta-layouts":"default","ast-page-background-enabled":"default","ast-page-background-meta":{"desktop":{"background-color":"","background-image":"","background-repeat":"repeat","background-position":"center center","background-size":"auto","background-attachment":"scroll","background-type":"","background-media":"","overlay-type":"","overlay-color":"","overlay-opacity":"","overlay-gradient":""},"tablet":{"background-color":"","background-image":"","background-repeat":"repeat","background-position":"center center","background-size":"auto","background-attachment":"scroll","background-type":"","background-media":"","overlay-type":"","overlay-color":"","overlay-opacity":"","overlay-gradient":""},"mobile":{"background-color":"","background-image":"","background-repeat":"repeat","background-position":"center center","background-size":"auto","background-attachment":"scroll","background-type":"","background-media":"","overlay-type":"","overlay-color":"","overlay-opacity":"","overlay-gradient":""}},"ast-content-background-meta":{"desktop":{"background-color":"var(--ast-global-color-5)","background-image":"","background-repeat":"repeat","background-position":"center center","background-size":"auto","background-attachment":"scroll","background-type":"","background-media":"","overlay-type":"","overlay-color":"","overlay-opacity":"","overlay-gradient":""},"tablet":{"background-color":"var(--ast-global-color-5)","background-image":"","background-repeat":"repeat","background-position":"center center","background-size":"auto","background-attachment":"scroll","background-type":"","background-media":"","overlay-type":"","overlay-color":"","overlay-opacity":"","overlay-gradient":""},"mobile":{"background-color":"var(--ast-global-color-5)","background-image":"","background-repeat":"repeat","background-position":"center center","background-size":"auto","background-attachment":"scroll","background-type":"","background-media":"","overlay-type":"","overlay-color":"","overlay-opacity":"","overlay-gradient":""}},"footnotes":""},"class_list":["post-2646","page","type-page","status-publish","hentry"],"yoast_head":"<!-- This site is optimized with the Yoast SEO plugin v27.1.1 - https:\/\/yoast.com\/product\/yoast-seo-wordpress\/ -->\n<title>Impressum - GTRS SA<\/title>\n<meta name=\"robots\" content=\"index, follow, max-snippet:-1, max-image-preview:large, max-video-preview:-1\" \/>\n<link rel=\"canonical\" href=\"https:\/\/www.gtrs-sa.com\/de\/impressum\/\" \/>\n<meta property=\"og:locale\" content=\"de_DE\" \/>\n<meta property=\"og:type\" content=\"article\" \/>\n<meta property=\"og:title\" content=\"Impressum - GTRS SA\" \/>\n<meta property=\"og:description\" content=\"Nutzungsbedingungen der Website Die Website www.gtrs-sa.com ist eine digitale Plattform, die insbesondere der F\u00f6rderung der von GTRS SA angebotenen Dienstleistungen dient. Jeder Nutzer, der auf der Website surft, erkl\u00e4rt sich mit den untenstehenden Nutzungsbedingungen einverstanden und ist verpflichtet, diese einzuhalten. Diese Nutzungsbedingungen gelten nicht f\u00fcr auf der Website integrierte Module, die die Kommunikation mit anderen [&hellip;]\" \/>\n<meta property=\"og:url\" content=\"https:\/\/www.gtrs-sa.com\/de\/impressum\/\" \/>\n<meta property=\"og:site_name\" content=\"GTRS SA\" \/>\n<meta property=\"article:modified_time\" content=\"2025-11-08T10:38:52+00:00\" \/>\n<meta name=\"twitter:card\" content=\"summary_large_image\" \/>\n<meta name=\"twitter:label1\" content=\"Gesch\u00e4tzte Lesezeit\" \/>\n\t<meta name=\"twitter:data1\" content=\"3\u00a0Minute\" \/>\n<script type=\"application\/ld+json\" class=\"yoast-schema-graph\">{\"@context\":\"https:\/\/schema.org\",\"@graph\":[{\"@type\":\"WebPage\",\"@id\":\"https:\/\/www.gtrs-sa.com\/de\/impressum\/\",\"url\":\"https:\/\/www.gtrs-sa.com\/de\/impressum\/\",\"name\":\"Impressum - GTRS SA\",\"isPartOf\":{\"@id\":\"https:\/\/www.gtrs-sa.com\/de\/#website\"},\"datePublished\":\"2025-11-08T10:13:06+00:00\",\"dateModified\":\"2025-11-08T10:38:52+00:00\",\"breadcrumb\":{\"@id\":\"https:\/\/www.gtrs-sa.com\/de\/impressum\/#breadcrumb\"},\"inLanguage\":\"de\",\"potentialAction\":[{\"@type\":\"ReadAction\",\"target\":[\"https:\/\/www.gtrs-sa.com\/de\/impressum\/\"]}]},{\"@type\":\"BreadcrumbList\",\"@id\":\"https:\/\/www.gtrs-sa.com\/de\/impressum\/#breadcrumb\",\"itemListElement\":[{\"@type\":\"ListItem\",\"position\":1,\"name\":\"Startseite\",\"item\":\"https:\/\/www.gtrs-sa.com\/de\/startseite\/\"},{\"@type\":\"ListItem\",\"position\":2,\"name\":\"Impressum\"}]},{\"@type\":\"WebSite\",\"@id\":\"https:\/\/www.gtrs-sa.com\/de\/#website\",\"url\":\"https:\/\/www.gtrs-sa.com\/de\/\",\"name\":\"GTRS SA\",\"description\":\"Plumby Th\u00e8me\",\"publisher\":{\"@id\":\"https:\/\/www.gtrs-sa.com\/de\/#organization\"},\"potentialAction\":[{\"@type\":\"SearchAction\",\"target\":{\"@type\":\"EntryPoint\",\"urlTemplate\":\"https:\/\/www.gtrs-sa.com\/de\/?s={search_term_string}\"},\"query-input\":{\"@type\":\"PropertyValueSpecification\",\"valueRequired\":true,\"valueName\":\"search_term_string\"}}],\"inLanguage\":\"de\"},{\"@type\":\"Organization\",\"@id\":\"https:\/\/www.gtrs-sa.com\/de\/#organization\",\"name\":\"GTRS SA\",\"url\":\"https:\/\/www.gtrs-sa.com\/de\/\",\"logo\":{\"@type\":\"ImageObject\",\"inLanguage\":\"de\",\"@id\":\"https:\/\/www.gtrs-sa.com\/de\/#\/schema\/logo\/image\/\",\"url\":\"https:\/\/www.gtrs-sa.com\/wp-content\/uploads\/2025\/09\/logo-GTRS-Saazor.png\",\"contentUrl\":\"https:\/\/www.gtrs-sa.com\/wp-content\/uploads\/2025\/09\/logo-GTRS-Saazor.png\",\"width\":2362,\"height\":1785,\"caption\":\"GTRS SA\"},\"image\":{\"@id\":\"https:\/\/www.gtrs-sa.com\/de\/#\/schema\/logo\/image\/\"}}]}<\/script>\n<!-- \/ Yoast SEO plugin. -->","yoast_head_json":{"title":"Impressum - GTRS SA","robots":{"index":"index","follow":"follow","max-snippet":"max-snippet:-1","max-image-preview":"max-image-preview:large","max-video-preview":"max-video-preview:-1"},"canonical":"https:\/\/www.gtrs-sa.com\/de\/impressum\/","og_locale":"de_DE","og_type":"article","og_title":"Impressum - GTRS SA","og_description":"Nutzungsbedingungen der Website Die Website www.gtrs-sa.com ist eine digitale Plattform, die insbesondere der F\u00f6rderung der von GTRS SA angebotenen Dienstleistungen dient. Jeder Nutzer, der auf der Website surft, erkl\u00e4rt sich mit den untenstehenden Nutzungsbedingungen einverstanden und ist verpflichtet, diese einzuhalten. Diese Nutzungsbedingungen gelten nicht f\u00fcr auf der Website integrierte Module, die die Kommunikation mit anderen [&hellip;]","og_url":"https:\/\/www.gtrs-sa.com\/de\/impressum\/","og_site_name":"GTRS SA","article_modified_time":"2025-11-08T10:38:52+00:00","twitter_card":"summary_large_image","twitter_misc":{"Gesch\u00e4tzte Lesezeit":"3\u00a0Minute"},"schema":{"@context":"https:\/\/schema.org","@graph":[{"@type":"WebPage","@id":"https:\/\/www.gtrs-sa.com\/de\/impressum\/","url":"https:\/\/www.gtrs-sa.com\/de\/impressum\/","name":"Impressum - GTRS SA","isPartOf":{"@id":"https:\/\/www.gtrs-sa.com\/de\/#website"},"datePublished":"2025-11-08T10:13:06+00:00","dateModified":"2025-11-08T10:38:52+00:00","breadcrumb":{"@id":"https:\/\/www.gtrs-sa.com\/de\/impressum\/#breadcrumb"},"inLanguage":"de","potentialAction":[{"@type":"ReadAction","target":["https:\/\/www.gtrs-sa.com\/de\/impressum\/"]}]},{"@type":"BreadcrumbList","@id":"https:\/\/www.gtrs-sa.com\/de\/impressum\/#breadcrumb","itemListElement":[{"@type":"ListItem","position":1,"name":"Startseite","item":"https:\/\/www.gtrs-sa.com\/de\/startseite\/"},{"@type":"ListItem","position":2,"name":"Impressum"}]},{"@type":"WebSite","@id":"https:\/\/www.gtrs-sa.com\/de\/#website","url":"https:\/\/www.gtrs-sa.com\/de\/","name":"GTRS SA","description":"Plumby Th\u00e8me","publisher":{"@id":"https:\/\/www.gtrs-sa.com\/de\/#organization"},"potentialAction":[{"@type":"SearchAction","target":{"@type":"EntryPoint","urlTemplate":"https:\/\/www.gtrs-sa.com\/de\/?s={search_term_string}"},"query-input":{"@type":"PropertyValueSpecification","valueRequired":true,"valueName":"search_term_string"}}],"inLanguage":"de"},{"@type":"Organization","@id":"https:\/\/www.gtrs-sa.com\/de\/#organization","name":"GTRS SA","url":"https:\/\/www.gtrs-sa.com\/de\/","logo":{"@type":"ImageObject","inLanguage":"de","@id":"https:\/\/www.gtrs-sa.com\/de\/#\/schema\/logo\/image\/","url":"https:\/\/www.gtrs-sa.com\/wp-content\/uploads\/2025\/09\/logo-GTRS-Saazor.png","contentUrl":"https:\/\/www.gtrs-sa.com\/wp-content\/uploads\/2025\/09\/logo-GTRS-Saazor.png","width":2362,"height":1785,"caption":"GTRS SA"},"image":{"@id":"https:\/\/www.gtrs-sa.com\/de\/#\/schema\/logo\/image\/"}}]}},"_links":{"self":[{"href":"https:\/\/www.gtrs-sa.com\/de\/wp-json\/wp\/v2\/pages\/2646","targetHints":{"allow":["GET"]}}],"collection":[{"href":"https:\/\/www.gtrs-sa.com\/de\/wp-json\/wp\/v2\/pages"}],"about":[{"href":"https:\/\/www.gtrs-sa.com\/de\/wp-json\/wp\/v2\/types\/page"}],"author":[{"embeddable":true,"href":"https:\/\/www.gtrs-sa.com\/de\/wp-json\/wp\/v2\/users\/1"}],"replies":[{"embeddable":true,"href":"https:\/\/www.gtrs-sa.com\/de\/wp-json\/wp\/v2\/comments?post=2646"}],"version-history":[{"count":2,"href":"https:\/\/www.gtrs-sa.com\/de\/wp-json\/wp\/v2\/pages\/2646\/revisions"}],"predecessor-version":[{"id":2751,"href":"https:\/\/www.gtrs-sa.com\/de\/wp-json\/wp\/v2\/pages\/2646\/revisions\/2751"}],"wp:attachment":[{"href":"https:\/\/www.gtrs-sa.com\/de\/wp-json\/wp\/v2\/media?parent=2646"}],"curies":[{"name":"wp","href":"https:\/\/api.w.org\/{rel}","templated":true}]}}