{"id":1884,"date":"2025-09-22T16:15:49","date_gmt":"2025-09-22T14:15:49","guid":{"rendered":"https:\/\/www.gtrs.dominocom.lu\/visita-virtual\/"},"modified":"2025-11-08T13:35:08","modified_gmt":"2025-11-08T11:35:08","slug":"visita-virtual","status":"publish","type":"page","link":"https:\/\/www.gtrs-sa.com\/es\/visita-virtual\/","title":{"rendered":"Visita virtual"},"content":{"rendered":"\t\t<div data-elementor-type=\"wp-page\" data-elementor-id=\"1884\" class=\"elementor elementor-1884 elementor-1478\" data-elementor-post-type=\"page\">\n\t\t\t\t<div class=\"elementor-element elementor-element-ad8fd55 e-flex e-con-boxed e-con e-parent\" data-id=\"ad8fd55\" data-element_type=\"container\" data-settings=\"{&quot;background_background&quot;:&quot;classic&quot;}\">\n\t\t\t\t\t<div class=\"e-con-inner\">\n\t\t\t\t<div class=\"elementor-element elementor-element-a7c6f97 elementor-widget__width-inherit elementor-widget elementor-widget-heading\" data-id=\"a7c6f97\" data-element_type=\"widget\" data-widget_type=\"heading.default\">\n\t\t\t\t<div class=\"elementor-widget-container\">\n\t\t\t\t\t<h1 class=\"elementor-heading-title elementor-size-default\">Visita virtual<\/h1>\t\t\t\t<\/div>\n\t\t\t\t<\/div>\n\t\t\t\t<div class=\"elementor-element elementor-element-fe6b21e elementor-widget__width-initial elementor-widget-mobile__width-inherit elementor-widget elementor-widget-pp-breadcrumbs\" data-id=\"fe6b21e\" data-element_type=\"widget\" data-settings=\"{&quot;breadcrumbs_type&quot;:&quot;powerpack&quot;}\" data-widget_type=\"pp-breadcrumbs.default\">\n\t\t\t\t<div class=\"elementor-widget-container\">\n\t\t\t\t\t<ul class=\"pp-breadcrumbs pp-breadcrumbs-powerpack\">\t\t<li class=\"pp-breadcrumbs-item pp-breadcrumbs-item-home\">\n\t\t\t<a class=\"pp-breadcrumbs-crumb pp-breadcrumbs-crumb-link pp-breadcrumbs-crumb-home\" href=\"https:\/\/www.gtrs-sa.com\/es\/\" title=\"Inicio\">\n\t\t\t\t<span class=\"pp-breadcrumbs-text\">\n\t\t\t\t\t\t\t\t\t\t\t<span class=\"pp-icon\">\n\t\t\t\t\t\t\t<i aria-hidden=\"true\" class=\"fas fa-home\"><\/i>\t\t\t\t\t\t<\/span>\n\t\t\t\t\t\t\t\t\t\tInicio\t\t\t\t<\/span>\n\t\t\t<\/a>\n\t\t<\/li>\n\t\t<li class=\"pp-breadcrumbs-separator\">\t\t\t\t<span class='pp-separator-icon pp-icon'>\n\t\t\t\t\t<i aria-hidden=\"true\" class=\"fas fa-angle-right\"><\/i>\t\t\t\t<\/span>\n\t\t\t\t<\/li><\/ul>\t\t\t\t<\/div>\n\t\t\t\t<\/div>\n\t\t\t\t\t<\/div>\n\t\t\t\t<\/div>\n\t\t<div class=\"elementor-element elementor-element-1232f49 e-con-full e-flex e-con e-parent\" data-id=\"1232f49\" data-element_type=\"container\" id=\"visite\" data-settings=\"{&quot;background_background&quot;:&quot;classic&quot;}\">\n\t\t\t\t<div class=\"elementor-element elementor-element-a2c8cca elementor-widget elementor-widget-visite-mp-skin-widget\" data-id=\"a2c8cca\" data-element_type=\"widget\" data-widget_type=\"visite-mp-skin-widget.default\">\n\t\t\t\t<div class=\"elementor-widget-container\">\n\t\t\t\t\t<div style=\"overflow:hidden;height:calc(80vh - 30px);width:100%;\"><iframe \n                id=\"mp-skin-tour\" \n                data-base-src=\"https:\/\/my.mpskin.com\/es\/tour\/xxd66ngdx\" \n                src=\"https:\/\/my.mpskin.com\/es\/tour\/xxd66ngdx\" \n                frameborder=\"0\" \n                style=\"width:100%;height:80vh;\"><\/iframe><\/div>        <script>\n        document.addEventListener('DOMContentLoaded', function () {\n          var iframe = document.getElementById('mp-skin-tour');\n          if (!iframe) return;\n\n          var base = iframe.getAttribute('data-base-src') || iframe.src;\n\n          try {\n            var iframeURL = new URL(base, window.location.origin);\n            var pageParams = new URLSearchParams(window.location.search);\n\n            if ([...pageParams].length > 0) {\n              var srcParams = iframeURL.searchParams;\n              pageParams.forEach(function (value, key) {\n                srcParams.set(key, value);\n              });\n              iframe.src = iframeURL.toString();\n            }\n          } catch (e) {\n            console.warn('URL iframe invalide ?', e);\n          }\n        });\n        <\/script>\n        \t\t\t\t<\/div>\n\t\t\t\t<\/div>\n\t\t\t\t<\/div>\n\t\t\t\t<\/div>\n\t\t","protected":false},"excerpt":{"rendered":"<p>Inicio<\/p>\n","protected":false},"author":1,"featured_media":0,"parent":0,"menu_order":0,"comment_status":"closed","ping_status":"closed","template":"","meta":{"site-sidebar-layout":"no-sidebar","site-content-layout":"page-builder","ast-site-content-layout":"full-width-container","site-content-style":"default","site-sidebar-style":"default","ast-global-header-display":"","ast-banner-title-visibility":"","ast-main-header-display":"","ast-hfb-above-header-display":"","ast-hfb-below-header-display":"","ast-hfb-mobile-header-display":"","site-post-title":"disabled","ast-breadcrumbs-content":"","ast-featured-img":"disabled","footer-sml-layout":"","theme-transparent-header-meta":"default","adv-header-id-meta":"","stick-header-meta":"","header-above-stick-meta":"","header-main-stick-meta":"","header-below-stick-meta":"","astra-migrate-meta-layouts":"set","ast-page-background-enabled":"default","ast-page-background-meta":{"desktop":{"background-color":"","background-image":"","background-repeat":"repeat","background-position":"center center","background-size":"auto","background-attachment":"scroll","background-type":"","background-media":"","overlay-type":"","overlay-color":"","overlay-opacity":"","overlay-gradient":""},"tablet":{"background-color":"","background-image":"","background-repeat":"repeat","background-position":"center center","background-size":"auto","background-attachment":"scroll","background-type":"","background-media":"","overlay-type":"","overlay-color":"","overlay-opacity":"","overlay-gradient":""},"mobile":{"background-color":"","background-image":"","background-repeat":"repeat","background-position":"center center","background-size":"auto","background-attachment":"scroll","background-type":"","background-media":"","overlay-type":"","overlay-color":"","overlay-opacity":"","overlay-gradient":""}},"ast-content-background-meta":{"desktop":{"background-color":"var(--ast-global-color-5)","background-image":"","background-repeat":"repeat","background-position":"center center","background-size":"auto","background-attachment":"scroll","background-type":"","background-media":"","overlay-type":"","overlay-color":"","overlay-opacity":"","overlay-gradient":""},"tablet":{"background-color":"var(--ast-global-color-5)","background-image":"","background-repeat":"repeat","background-position":"center center","background-size":"auto","background-attachment":"scroll","background-type":"","background-media":"","overlay-type":"","overlay-color":"","overlay-opacity":"","overlay-gradient":""},"mobile":{"background-color":"var(--ast-global-color-5)","background-image":"","background-repeat":"repeat","background-position":"center center","background-size":"auto","background-attachment":"scroll","background-type":"","background-media":"","overlay-type":"","overlay-color":"","overlay-opacity":"","overlay-gradient":""}},"footnotes":""},"class_list":["post-1884","page","type-page","status-publish","hentry"],"yoast_head":"<!-- This site is optimized with the Yoast SEO plugin v27.1.1 - https:\/\/yoast.com\/product\/yoast-seo-wordpress\/ -->\n<title>GTRS SA - Visita virtual inmersiva de infraestructuras<\/title>\n<meta name=\"description\" content=\"Explora GTRS como si estuvieras all\u00ed. Haz una visita virtual a nuestras instalaciones y maquinaria de \u00faltima generaci\u00f3n.\" \/>\n<meta name=\"robots\" content=\"index, follow, max-snippet:-1, max-image-preview:large, max-video-preview:-1\" \/>\n<link rel=\"canonical\" href=\"https:\/\/www.gtrs-sa.com\/es\/visita-virtual\/\" \/>\n<meta property=\"og:locale\" content=\"es_ES\" \/>\n<meta property=\"og:type\" content=\"article\" \/>\n<meta property=\"og:title\" content=\"GTRS SA - Visita virtual inmersiva de infraestructuras\" \/>\n<meta property=\"og:description\" content=\"Explora GTRS como si estuvieras all\u00ed. Haz una visita virtual a nuestras instalaciones y maquinaria de \u00faltima generaci\u00f3n.\" \/>\n<meta property=\"og:url\" content=\"https:\/\/www.gtrs-sa.com\/es\/visita-virtual\/\" \/>\n<meta property=\"og:site_name\" content=\"GTRS SA\" \/>\n<meta property=\"article:modified_time\" content=\"2025-11-08T11:35:08+00:00\" \/>\n<meta name=\"twitter:card\" content=\"summary_large_image\" \/>\n<script type=\"application\/ld+json\" class=\"yoast-schema-graph\">{\"@context\":\"https:\/\/schema.org\",\"@graph\":[{\"@type\":\"WebPage\",\"@id\":\"https:\/\/www.gtrs-sa.com\/es\/visita-virtual\/\",\"url\":\"https:\/\/www.gtrs-sa.com\/es\/visita-virtual\/\",\"name\":\"GTRS SA - Visita virtual inmersiva de infraestructuras\",\"isPartOf\":{\"@id\":\"https:\/\/www.gtrs-sa.com\/es\/#website\"},\"datePublished\":\"2025-09-22T14:15:49+00:00\",\"dateModified\":\"2025-11-08T11:35:08+00:00\",\"description\":\"Explora GTRS como si estuvieras all\u00ed. Haz una visita virtual a nuestras instalaciones y maquinaria de \u00faltima generaci\u00f3n.\",\"breadcrumb\":{\"@id\":\"https:\/\/www.gtrs-sa.com\/es\/visita-virtual\/#breadcrumb\"},\"inLanguage\":\"es\",\"potentialAction\":[{\"@type\":\"ReadAction\",\"target\":[\"https:\/\/www.gtrs-sa.com\/es\/visita-virtual\/\"]}]},{\"@type\":\"BreadcrumbList\",\"@id\":\"https:\/\/www.gtrs-sa.com\/es\/visita-virtual\/#breadcrumb\",\"itemListElement\":[{\"@type\":\"ListItem\",\"position\":1,\"name\":\"Inicio\",\"item\":\"https:\/\/www.gtrs-sa.com\/es\/inicio\/\"},{\"@type\":\"ListItem\",\"position\":2,\"name\":\"Visita virtual\"}]},{\"@type\":\"WebSite\",\"@id\":\"https:\/\/www.gtrs-sa.com\/es\/#website\",\"url\":\"https:\/\/www.gtrs-sa.com\/es\/\",\"name\":\"GTRS SA\",\"description\":\"Plumby Th\u00e8me\",\"publisher\":{\"@id\":\"https:\/\/www.gtrs-sa.com\/es\/#organization\"},\"potentialAction\":[{\"@type\":\"SearchAction\",\"target\":{\"@type\":\"EntryPoint\",\"urlTemplate\":\"https:\/\/www.gtrs-sa.com\/es\/?s={search_term_string}\"},\"query-input\":{\"@type\":\"PropertyValueSpecification\",\"valueRequired\":true,\"valueName\":\"search_term_string\"}}],\"inLanguage\":\"es\"},{\"@type\":\"Organization\",\"@id\":\"https:\/\/www.gtrs-sa.com\/es\/#organization\",\"name\":\"GTRS SA\",\"url\":\"https:\/\/www.gtrs-sa.com\/es\/\",\"logo\":{\"@type\":\"ImageObject\",\"inLanguage\":\"es\",\"@id\":\"https:\/\/www.gtrs-sa.com\/es\/#\/schema\/logo\/image\/\",\"url\":\"https:\/\/www.gtrs-sa.com\/wp-content\/uploads\/2025\/09\/logo-GTRS-Saazor.png\",\"contentUrl\":\"https:\/\/www.gtrs-sa.com\/wp-content\/uploads\/2025\/09\/logo-GTRS-Saazor.png\",\"width\":2362,\"height\":1785,\"caption\":\"GTRS SA\"},\"image\":{\"@id\":\"https:\/\/www.gtrs-sa.com\/es\/#\/schema\/logo\/image\/\"}}]}<\/script>\n<!-- \/ Yoast SEO plugin. -->","yoast_head_json":{"title":"GTRS SA - Visita virtual inmersiva de infraestructuras","description":"Explora GTRS como si estuvieras all\u00ed. Haz una visita virtual a nuestras instalaciones y maquinaria de \u00faltima generaci\u00f3n.","robots":{"index":"index","follow":"follow","max-snippet":"max-snippet:-1","max-image-preview":"max-image-preview:large","max-video-preview":"max-video-preview:-1"},"canonical":"https:\/\/www.gtrs-sa.com\/es\/visita-virtual\/","og_locale":"es_ES","og_type":"article","og_title":"GTRS SA - Visita virtual inmersiva de infraestructuras","og_description":"Explora GTRS como si estuvieras all\u00ed. Haz una visita virtual a nuestras instalaciones y maquinaria de \u00faltima generaci\u00f3n.","og_url":"https:\/\/www.gtrs-sa.com\/es\/visita-virtual\/","og_site_name":"GTRS SA","article_modified_time":"2025-11-08T11:35:08+00:00","twitter_card":"summary_large_image","schema":{"@context":"https:\/\/schema.org","@graph":[{"@type":"WebPage","@id":"https:\/\/www.gtrs-sa.com\/es\/visita-virtual\/","url":"https:\/\/www.gtrs-sa.com\/es\/visita-virtual\/","name":"GTRS SA - Visita virtual inmersiva de infraestructuras","isPartOf":{"@id":"https:\/\/www.gtrs-sa.com\/es\/#website"},"datePublished":"2025-09-22T14:15:49+00:00","dateModified":"2025-11-08T11:35:08+00:00","description":"Explora GTRS como si estuvieras all\u00ed. Haz una visita virtual a nuestras instalaciones y maquinaria de \u00faltima generaci\u00f3n.","breadcrumb":{"@id":"https:\/\/www.gtrs-sa.com\/es\/visita-virtual\/#breadcrumb"},"inLanguage":"es","potentialAction":[{"@type":"ReadAction","target":["https:\/\/www.gtrs-sa.com\/es\/visita-virtual\/"]}]},{"@type":"BreadcrumbList","@id":"https:\/\/www.gtrs-sa.com\/es\/visita-virtual\/#breadcrumb","itemListElement":[{"@type":"ListItem","position":1,"name":"Inicio","item":"https:\/\/www.gtrs-sa.com\/es\/inicio\/"},{"@type":"ListItem","position":2,"name":"Visita virtual"}]},{"@type":"WebSite","@id":"https:\/\/www.gtrs-sa.com\/es\/#website","url":"https:\/\/www.gtrs-sa.com\/es\/","name":"GTRS SA","description":"Plumby Th\u00e8me","publisher":{"@id":"https:\/\/www.gtrs-sa.com\/es\/#organization"},"potentialAction":[{"@type":"SearchAction","target":{"@type":"EntryPoint","urlTemplate":"https:\/\/www.gtrs-sa.com\/es\/?s={search_term_string}"},"query-input":{"@type":"PropertyValueSpecification","valueRequired":true,"valueName":"search_term_string"}}],"inLanguage":"es"},{"@type":"Organization","@id":"https:\/\/www.gtrs-sa.com\/es\/#organization","name":"GTRS SA","url":"https:\/\/www.gtrs-sa.com\/es\/","logo":{"@type":"ImageObject","inLanguage":"es","@id":"https:\/\/www.gtrs-sa.com\/es\/#\/schema\/logo\/image\/","url":"https:\/\/www.gtrs-sa.com\/wp-content\/uploads\/2025\/09\/logo-GTRS-Saazor.png","contentUrl":"https:\/\/www.gtrs-sa.com\/wp-content\/uploads\/2025\/09\/logo-GTRS-Saazor.png","width":2362,"height":1785,"caption":"GTRS SA"},"image":{"@id":"https:\/\/www.gtrs-sa.com\/es\/#\/schema\/logo\/image\/"}}]}},"_links":{"self":[{"href":"https:\/\/www.gtrs-sa.com\/es\/wp-json\/wp\/v2\/pages\/1884","targetHints":{"allow":["GET"]}}],"collection":[{"href":"https:\/\/www.gtrs-sa.com\/es\/wp-json\/wp\/v2\/pages"}],"about":[{"href":"https:\/\/www.gtrs-sa.com\/es\/wp-json\/wp\/v2\/types\/page"}],"author":[{"embeddable":true,"href":"https:\/\/www.gtrs-sa.com\/es\/wp-json\/wp\/v2\/users\/1"}],"replies":[{"embeddable":true,"href":"https:\/\/www.gtrs-sa.com\/es\/wp-json\/wp\/v2\/comments?post=1884"}],"version-history":[{"count":9,"href":"https:\/\/www.gtrs-sa.com\/es\/wp-json\/wp\/v2\/pages\/1884\/revisions"}],"predecessor-version":[{"id":2796,"href":"https:\/\/www.gtrs-sa.com\/es\/wp-json\/wp\/v2\/pages\/1884\/revisions\/2796"}],"wp:attachment":[{"href":"https:\/\/www.gtrs-sa.com\/es\/wp-json\/wp\/v2\/media?parent=1884"}],"curies":[{"name":"wp","href":"https:\/\/api.w.org\/{rel}","templated":true}]}}