{"id":2647,"date":"2025-11-08T12:13:06","date_gmt":"2025-11-08T10:13:06","guid":{"rendered":"https:\/\/www.gtrs.dominocom.lu\/aviso-legal\/"},"modified":"2025-11-08T12:38:34","modified_gmt":"2025-11-08T10:38:34","slug":"aviso-legal","status":"publish","type":"page","link":"https:\/\/www.gtrs-sa.com\/es\/aviso-legal\/","title":{"rendered":"Aviso legal"},"content":{"rendered":"<h2>Condiciones de uso del sitio web<\/h2>\n<p>El sitio web www.gtrs-sa.com es un espacio digital dedicado, en particular, a la promoci\u00f3n de los servicios ofrecidos por GTRS SA.<\/p>\n<p>Se presume que todo usuario que navega por el sitio web ha aceptado las condiciones de uso que se detallan a continuaci\u00f3n y debe respetarlas.<\/p>\n<p>Estas condiciones de uso no se aplican a los m\u00f3dulos integrados en el sitio que permiten la comunicaci\u00f3n con otros sitios y plataformas de terceros que han establecido sus propias condiciones de uso.<\/p>\n<p>Por favor, aseg\u00farese de leer las condiciones de uso de estos m\u00f3dulos de sus respectivos editores.<\/p>\n<p>Estas condiciones pueden ser modificadas en cualquier momento. Cualquier modificaci\u00f3n ser\u00e1 publicada en el sitio web y se presumir\u00e1 que todo usuario que acceda al sitio web despu\u00e9s de su publicaci\u00f3n ha aceptado las modificaciones.<\/p>\n<p>Estas condiciones de uso est\u00e1n sujetas a la ley luxemburguesa.<\/p>\n<h2>Derechos de autor<\/h2>\n<p>Todo el contenido que se encuentra en el sitio web www.gtrs-sa.com, incluyendo cualquier logotipo, marca, foto, v\u00eddeo, textos, dibujos, gr\u00e1ficos y presentaciones pertenece a GTRS SA.<br \/>\nQueda terminantemente prohibida cualquier reproducci\u00f3n, difusi\u00f3n, copia, adaptaci\u00f3n, cita de todo o parte de este sitio, en cualquier soporte y para cualquier uso, sin la autorizaci\u00f3n previa de GTRS SA.<\/p>\n<p><strong>Cr\u00e9ditos de las fotos:<\/strong><br \/>\nShutterstock,<br \/>\nGTRS SA,<br \/>\nDomino Com SAS,<br \/>\nWealth and Investment Solutions SAS<br \/>\n<strong>Visita virtual:<br \/>\n<\/strong>Wealth and Investment Solutions SAS.<\/p>\n<h2>Enlaces externos<\/h2>\n<p>Todos los enlaces procedentes de un sitio externo que dirijan al sitio web est\u00e1n sujetos a la autorizaci\u00f3n previa de GTRS SA, que se reserva el derecho de emprender acciones legales contra cualquier infractor.<\/p>\n<p>GTRS SA declina toda responsabilidad con respecto a los enlaces presentes en sitios externos que redirijan al sitio web www.gtrs-sa.com y no podr\u00e1 ser considerada responsable en ning\u00fan caso del contenido presente en ese sitio de terceros por la mera existencia de estos enlaces.<\/p>\n<p>El sitio web www.gtrs-sa.com puede contener enlaces que redirijan a sitios de socios y\/o sitios de terceros. GTRS SA no tiene control sobre estos sitios de terceros y no puede en ning\u00fan caso supervisar el contenido de estos sitios o las condiciones de uso, especialmente en materia de protecci\u00f3n de datos. GTRS SA no podr\u00e1 ser considerada responsable en ning\u00fan caso por cualquier da\u00f1o sufrido en un sitio al que uno de sus usuarios de Internet haya sido redirigido.<\/p>\n<p>Al hacer clic en un enlace externo, el usuario del sitio web ser\u00e1 autom\u00e1ticamente dirigido a estos sitios que est\u00e1n sujetos a sus propias condiciones de uso, y no a las presentes. El acceso a estos sitios externos se realiza bajo el propio riesgo del usuario. GTRS SA no podr\u00e1 ser considerada responsable de ning\u00fan contenido presente.<\/p>\n<h2>Responsabilidad<\/h2>\n<p>GTRS SA realiza actualizaciones regulares del contenido y los dispositivos presentes en el sitio web para permitir al usuario el acceso y uso en las mejores condiciones.<\/p>\n<p>Sin embargo, GTRS SA no puede garantizar en tiempo real la actualidad e integridad de los contenidos publicados en el sitio web.<\/p>\n<p>En este contexto, el usuario es plenamente consciente de que los contenidos presentes en el sitio web se proporcionan a t\u00edtulo indicativo.<\/p>\n<p>GTRS SA se reserva el derecho de realizar modificaciones en el sitio web en cualquier momento, y por lo tanto no puede garantizar al usuario la accesibilidad de todo el sitio web sin interrupciones, en tiempo \u00fatil, con total seguridad y sin errores en todo momento.<\/p>\n<p>GTRS SA no puede ser considerada responsable de ning\u00fan da\u00f1o causado a un usuario por las acciones de un tercero que, por medios t\u00e9cnicos desleales, haya utilizado la informaci\u00f3n difundida en el sitio web. Sin embargo, aseguramos poner en pr\u00e1ctica los medios a nuestra disposici\u00f3n para luchar contra cualquier acci\u00f3n de este tipo, aunque estamos limitados por las restricciones inherentes a Internet.<\/p>\n<p>El sitio web ha sido desarrollado por Domino Communication y se actualiza para garantizar su accesibilidad. Sin embargo, Domino Communication no garantiza en ning\u00fan caso la accesibilidad total del sitio web ni la ausencia de errores y fallos, entre otros. Se invita a cada usuario de Internet que encuentre una dificultad en su navegaci\u00f3n a informar a Domino Communication, sin que Domino Communication est\u00e9 obligada a resolver la dificultad.<\/p>\n<p>GTRS SA tiene el derecho de emprender acciones legales contra cualquier persona que, por cualquier medio, haya intentado atacar el sitio web www.gtrs-sa.com, ya sea su estructura t\u00e9cnica o su contenido publicado.<\/p>\n","protected":false},"excerpt":{"rendered":"<p>Condiciones de uso del sitio web El sitio web www.gtrs-sa.com es un espacio digital dedicado, en particular, a la promoci\u00f3n de los servicios ofrecidos por GTRS SA. Se presume que todo usuario que navega por el sitio web ha aceptado las condiciones de uso que se detallan a continuaci\u00f3n y debe respetarlas. Estas condiciones de [&hellip;]<\/p>\n","protected":false},"author":1,"featured_media":0,"parent":0,"menu_order":0,"comment_status":"closed","ping_status":"closed","template":"","meta":{"site-sidebar-layout":"default","site-content-layout":"","ast-site-content-layout":"default","site-content-style":"default","site-sidebar-style":"default","ast-global-header-display":"","ast-banner-title-visibility":"","ast-main-header-display":"","ast-hfb-above-header-display":"","ast-hfb-below-header-display":"","ast-hfb-mobile-header-display":"","site-post-title":"","ast-breadcrumbs-content":"","ast-featured-img":"","footer-sml-layout":"","theme-transparent-header-meta":"default","adv-header-id-meta":"","stick-header-meta":"","header-above-stick-meta":"","header-main-stick-meta":"","header-below-stick-meta":"","astra-migrate-meta-layouts":"default","ast-page-background-enabled":"default","ast-page-background-meta":{"desktop":{"background-color":"","background-image":"","background-repeat":"repeat","background-position":"center center","background-size":"auto","background-attachment":"scroll","background-type":"","background-media":"","overlay-type":"","overlay-color":"","overlay-opacity":"","overlay-gradient":""},"tablet":{"background-color":"","background-image":"","background-repeat":"repeat","background-position":"center center","background-size":"auto","background-attachment":"scroll","background-type":"","background-media":"","overlay-type":"","overlay-color":"","overlay-opacity":"","overlay-gradient":""},"mobile":{"background-color":"","background-image":"","background-repeat":"repeat","background-position":"center center","background-size":"auto","background-attachment":"scroll","background-type":"","background-media":"","overlay-type":"","overlay-color":"","overlay-opacity":"","overlay-gradient":""}},"ast-content-background-meta":{"desktop":{"background-color":"var(--ast-global-color-5)","background-image":"","background-repeat":"repeat","background-position":"center center","background-size":"auto","background-attachment":"scroll","background-type":"","background-media":"","overlay-type":"","overlay-color":"","overlay-opacity":"","overlay-gradient":""},"tablet":{"background-color":"var(--ast-global-color-5)","background-image":"","background-repeat":"repeat","background-position":"center center","background-size":"auto","background-attachment":"scroll","background-type":"","background-media":"","overlay-type":"","overlay-color":"","overlay-opacity":"","overlay-gradient":""},"mobile":{"background-color":"var(--ast-global-color-5)","background-image":"","background-repeat":"repeat","background-position":"center center","background-size":"auto","background-attachment":"scroll","background-type":"","background-media":"","overlay-type":"","overlay-color":"","overlay-opacity":"","overlay-gradient":""}},"footnotes":""},"class_list":["post-2647","page","type-page","status-publish","hentry"],"yoast_head":"<!-- This site is optimized with the Yoast SEO plugin v27.1.1 - https:\/\/yoast.com\/product\/yoast-seo-wordpress\/ -->\n<title>Aviso legal - GTRS SA<\/title>\n<meta name=\"robots\" content=\"index, follow, max-snippet:-1, max-image-preview:large, max-video-preview:-1\" \/>\n<link rel=\"canonical\" href=\"https:\/\/www.gtrs-sa.com\/es\/aviso-legal\/\" \/>\n<meta property=\"og:locale\" content=\"es_ES\" \/>\n<meta property=\"og:type\" content=\"article\" \/>\n<meta property=\"og:title\" content=\"Aviso legal - GTRS SA\" \/>\n<meta property=\"og:description\" content=\"Condiciones de uso del sitio web El sitio web www.gtrs-sa.com es un espacio digital dedicado, en particular, a la promoci\u00f3n de los servicios ofrecidos por GTRS SA. Se presume que todo usuario que navega por el sitio web ha aceptado las condiciones de uso que se detallan a continuaci\u00f3n y debe respetarlas. Estas condiciones de [&hellip;]\" \/>\n<meta property=\"og:url\" content=\"https:\/\/www.gtrs-sa.com\/es\/aviso-legal\/\" \/>\n<meta property=\"og:site_name\" content=\"GTRS SA\" \/>\n<meta property=\"article:modified_time\" content=\"2025-11-08T10:38:34+00:00\" \/>\n<meta name=\"twitter:card\" content=\"summary_large_image\" \/>\n<meta name=\"twitter:label1\" content=\"Tiempo de lectura\" \/>\n\t<meta name=\"twitter:data1\" content=\"4 minuto\" \/>\n<script type=\"application\/ld+json\" class=\"yoast-schema-graph\">{\"@context\":\"https:\/\/schema.org\",\"@graph\":[{\"@type\":\"WebPage\",\"@id\":\"https:\/\/www.gtrs-sa.com\/es\/aviso-legal\/\",\"url\":\"https:\/\/www.gtrs-sa.com\/es\/aviso-legal\/\",\"name\":\"Aviso legal - GTRS SA\",\"isPartOf\":{\"@id\":\"https:\/\/www.gtrs-sa.com\/es\/#website\"},\"datePublished\":\"2025-11-08T10:13:06+00:00\",\"dateModified\":\"2025-11-08T10:38:34+00:00\",\"breadcrumb\":{\"@id\":\"https:\/\/www.gtrs-sa.com\/es\/aviso-legal\/#breadcrumb\"},\"inLanguage\":\"es\",\"potentialAction\":[{\"@type\":\"ReadAction\",\"target\":[\"https:\/\/www.gtrs-sa.com\/es\/aviso-legal\/\"]}]},{\"@type\":\"BreadcrumbList\",\"@id\":\"https:\/\/www.gtrs-sa.com\/es\/aviso-legal\/#breadcrumb\",\"itemListElement\":[{\"@type\":\"ListItem\",\"position\":1,\"name\":\"Inicio\",\"item\":\"https:\/\/www.gtrs-sa.com\/es\/inicio\/\"},{\"@type\":\"ListItem\",\"position\":2,\"name\":\"Aviso legal\"}]},{\"@type\":\"WebSite\",\"@id\":\"https:\/\/www.gtrs-sa.com\/es\/#website\",\"url\":\"https:\/\/www.gtrs-sa.com\/es\/\",\"name\":\"GTRS SA\",\"description\":\"Plumby Th\u00e8me\",\"publisher\":{\"@id\":\"https:\/\/www.gtrs-sa.com\/es\/#organization\"},\"potentialAction\":[{\"@type\":\"SearchAction\",\"target\":{\"@type\":\"EntryPoint\",\"urlTemplate\":\"https:\/\/www.gtrs-sa.com\/es\/?s={search_term_string}\"},\"query-input\":{\"@type\":\"PropertyValueSpecification\",\"valueRequired\":true,\"valueName\":\"search_term_string\"}}],\"inLanguage\":\"es\"},{\"@type\":\"Organization\",\"@id\":\"https:\/\/www.gtrs-sa.com\/es\/#organization\",\"name\":\"GTRS SA\",\"url\":\"https:\/\/www.gtrs-sa.com\/es\/\",\"logo\":{\"@type\":\"ImageObject\",\"inLanguage\":\"es\",\"@id\":\"https:\/\/www.gtrs-sa.com\/es\/#\/schema\/logo\/image\/\",\"url\":\"https:\/\/www.gtrs-sa.com\/wp-content\/uploads\/2025\/09\/logo-GTRS-Saazor.png\",\"contentUrl\":\"https:\/\/www.gtrs-sa.com\/wp-content\/uploads\/2025\/09\/logo-GTRS-Saazor.png\",\"width\":2362,\"height\":1785,\"caption\":\"GTRS SA\"},\"image\":{\"@id\":\"https:\/\/www.gtrs-sa.com\/es\/#\/schema\/logo\/image\/\"}}]}<\/script>\n<!-- \/ Yoast SEO plugin. -->","yoast_head_json":{"title":"Aviso legal - GTRS SA","robots":{"index":"index","follow":"follow","max-snippet":"max-snippet:-1","max-image-preview":"max-image-preview:large","max-video-preview":"max-video-preview:-1"},"canonical":"https:\/\/www.gtrs-sa.com\/es\/aviso-legal\/","og_locale":"es_ES","og_type":"article","og_title":"Aviso legal - GTRS SA","og_description":"Condiciones de uso del sitio web El sitio web www.gtrs-sa.com es un espacio digital dedicado, en particular, a la promoci\u00f3n de los servicios ofrecidos por GTRS SA. Se presume que todo usuario que navega por el sitio web ha aceptado las condiciones de uso que se detallan a continuaci\u00f3n y debe respetarlas. Estas condiciones de [&hellip;]","og_url":"https:\/\/www.gtrs-sa.com\/es\/aviso-legal\/","og_site_name":"GTRS SA","article_modified_time":"2025-11-08T10:38:34+00:00","twitter_card":"summary_large_image","twitter_misc":{"Tiempo de lectura":"4 minuto"},"schema":{"@context":"https:\/\/schema.org","@graph":[{"@type":"WebPage","@id":"https:\/\/www.gtrs-sa.com\/es\/aviso-legal\/","url":"https:\/\/www.gtrs-sa.com\/es\/aviso-legal\/","name":"Aviso legal - GTRS SA","isPartOf":{"@id":"https:\/\/www.gtrs-sa.com\/es\/#website"},"datePublished":"2025-11-08T10:13:06+00:00","dateModified":"2025-11-08T10:38:34+00:00","breadcrumb":{"@id":"https:\/\/www.gtrs-sa.com\/es\/aviso-legal\/#breadcrumb"},"inLanguage":"es","potentialAction":[{"@type":"ReadAction","target":["https:\/\/www.gtrs-sa.com\/es\/aviso-legal\/"]}]},{"@type":"BreadcrumbList","@id":"https:\/\/www.gtrs-sa.com\/es\/aviso-legal\/#breadcrumb","itemListElement":[{"@type":"ListItem","position":1,"name":"Inicio","item":"https:\/\/www.gtrs-sa.com\/es\/inicio\/"},{"@type":"ListItem","position":2,"name":"Aviso legal"}]},{"@type":"WebSite","@id":"https:\/\/www.gtrs-sa.com\/es\/#website","url":"https:\/\/www.gtrs-sa.com\/es\/","name":"GTRS SA","description":"Plumby Th\u00e8me","publisher":{"@id":"https:\/\/www.gtrs-sa.com\/es\/#organization"},"potentialAction":[{"@type":"SearchAction","target":{"@type":"EntryPoint","urlTemplate":"https:\/\/www.gtrs-sa.com\/es\/?s={search_term_string}"},"query-input":{"@type":"PropertyValueSpecification","valueRequired":true,"valueName":"search_term_string"}}],"inLanguage":"es"},{"@type":"Organization","@id":"https:\/\/www.gtrs-sa.com\/es\/#organization","name":"GTRS SA","url":"https:\/\/www.gtrs-sa.com\/es\/","logo":{"@type":"ImageObject","inLanguage":"es","@id":"https:\/\/www.gtrs-sa.com\/es\/#\/schema\/logo\/image\/","url":"https:\/\/www.gtrs-sa.com\/wp-content\/uploads\/2025\/09\/logo-GTRS-Saazor.png","contentUrl":"https:\/\/www.gtrs-sa.com\/wp-content\/uploads\/2025\/09\/logo-GTRS-Saazor.png","width":2362,"height":1785,"caption":"GTRS SA"},"image":{"@id":"https:\/\/www.gtrs-sa.com\/es\/#\/schema\/logo\/image\/"}}]}},"_links":{"self":[{"href":"https:\/\/www.gtrs-sa.com\/es\/wp-json\/wp\/v2\/pages\/2647","targetHints":{"allow":["GET"]}}],"collection":[{"href":"https:\/\/www.gtrs-sa.com\/es\/wp-json\/wp\/v2\/pages"}],"about":[{"href":"https:\/\/www.gtrs-sa.com\/es\/wp-json\/wp\/v2\/types\/page"}],"author":[{"embeddable":true,"href":"https:\/\/www.gtrs-sa.com\/es\/wp-json\/wp\/v2\/users\/1"}],"replies":[{"embeddable":true,"href":"https:\/\/www.gtrs-sa.com\/es\/wp-json\/wp\/v2\/comments?post=2647"}],"version-history":[{"count":2,"href":"https:\/\/www.gtrs-sa.com\/es\/wp-json\/wp\/v2\/pages\/2647\/revisions"}],"predecessor-version":[{"id":2747,"href":"https:\/\/www.gtrs-sa.com\/es\/wp-json\/wp\/v2\/pages\/2647\/revisions\/2747"}],"wp:attachment":[{"href":"https:\/\/www.gtrs-sa.com\/es\/wp-json\/wp\/v2\/media?parent=2647"}],"curies":[{"name":"wp","href":"https:\/\/api.w.org\/{rel}","templated":true}]}}