{"id":2654,"date":"2025-11-08T12:14:00","date_gmt":"2025-11-08T10:14:00","guid":{"rendered":"https:\/\/www.gtrs.dominocom.lu\/politica-de-privacidad\/"},"modified":"2025-11-08T12:38:05","modified_gmt":"2025-11-08T10:38:05","slug":"politica-de-privacidad","status":"publish","type":"page","link":"https:\/\/www.gtrs-sa.com\/es\/politica-de-privacidad\/","title":{"rendered":"Pol\u00edtica de privacidad"},"content":{"rendered":"<h2>General<\/h2>\n<p>La normativa de protecci\u00f3n de datos es una prioridad para GTRS SA. Por esta raz\u00f3n, queremos asegurarnos de que toda la informaci\u00f3n relacionada con el tratamiento de sus datos personales en el sitio web www.gtrs-sa.com sea clara y comprensible para el usuario.<br \/>\nEsta normativa de protecci\u00f3n de datos tiene como objetivo informarle sobre el uso de los datos personales recopilados a trav\u00e9s de este sitio web, as\u00ed como sobre sus derechos y c\u00f3mo puede ejercerlos. El tratamiento de datos es crucial para ejercer nuestra profesi\u00f3n y para servir con confianza a nuestra clientela a largo plazo, por lo que es esencial para GTRS SA que se realice con total seguridad, respetando la confidencialidad y en plena conformidad con su voluntad.<br \/>\nAntes de confirmar la transmisi\u00f3n de sus datos personales a trav\u00e9s de nuestras secciones de contacto, se compromete a leer y aceptar nuestra pol\u00edtica de privacidad. Esta aceptaci\u00f3n permite a GTRS SA procesar su solicitud utilizando los datos transmitidos para este fin durante un per\u00edodo limitado al objeto de su solicitud (solicitud de informaci\u00f3n, presupuesto, etc.).<\/p>\n<h2>Compromisos<\/h2>\n<p>GTRS SA se compromete a respetar la legislaci\u00f3n luxemburguesa, en particular la ley del 2 de agosto de 2002 relativa a la protecci\u00f3n de las personas con respecto al tratamiento de datos de car\u00e1cter personal.<br \/>\nGTRS SA se compromete a cumplir con el Reglamento (UE) 2016\/679 del Parlamento Europeo y del Consejo del 27 de abril de 2016, desde su entrada en vigor el 25 de mayo de 2018.<br \/>\nGTRS SA se compromete a utilizar los datos personales recibidos \u00fanicamente de conformidad con el prop\u00f3sito definido en el momento de la transmisi\u00f3n.<br \/>\nGTRS SA est\u00e1 a su disposici\u00f3n en caso de preguntas relacionadas con esta normativa de protecci\u00f3n de datos a trav\u00e9s de: f.dzipseff@gtrs-sa.com<\/p>\n<h2>Sus datos<\/h2>\n<p>GTRS SA es responsable de la recopilaci\u00f3n de datos personales de sus usuarios a trav\u00e9s de su sitio web,<br \/>\nEl sitio www.gtrs-sa.com pertenece a GTRS SA domiciliada en: 5 Rue Bommel | L-4940 Hautcharage (Luxemburgo), registrada en el RCS con el n\u00famero: N\u00b0 B214154<br \/>\nLos datos recopilados son: nombre, apellido, direcci\u00f3n de correo electr\u00f3nico, n\u00famero de tel\u00e9fono<br \/>\nRecopilaci\u00f3n<br \/>\nSus datos se recopilan cuando nos env\u00eda un correo electr\u00f3nico, o a trav\u00e9s de formulario(s) de contacto y de suscripci\u00f3n a nuestro bolet\u00edn. Los datos se almacenan por un per\u00edodo m\u00e1ximo de 1 a\u00f1o despu\u00e9s de cualquier ausencia de interactividad.<\/p>\n<h3>Motivo del tratamiento de datos<\/h3>\n<p>Los datos personales enviados por el usuario est\u00e1n destinados a procesar su solicitud (solicitud de contacto, solicitud de informaci\u00f3n, solicitud de cita, suscripci\u00f3n a nuestro bolet\u00edn).<br \/>\nCuando acepta transmitir sus datos personales a GTRS SA, tambi\u00e9n acepta que GTRS SA pueda utilizar estos datos dentro de los l\u00edmites de los fines detallados en esta normativa.<\/p>\n<h3>Responsable del tratamiento de datos personales<\/h3>\n<p>El responsable del tratamiento de datos personales es Fabian DZIPSEFF. Puede contactar al responsable del tratamiento por correo electr\u00f3nico: f.dzipseff@gtrs-sa.com<br \/>\nEl responsable del tratamiento se compromete a proteger los datos y no transmitirlos a terceros sin que usted haya sido informado.<\/p>\n<h3>Proveedores de servicios<\/h3>\n<p>GTRS SA debe comunicar sus datos a los siguientes proveedores de servicios:<br \/>\n\u2013 Domino Com SAS: webmaster<\/p>\n<p>Este proveedor se encarga del mantenimiento de nuestro sitio web.<\/p>\n<h3><strong>Derecho de oposici\u00f3n, acceso, rectificaci\u00f3n y supresi\u00f3n<\/strong><\/h3>\n<p>Puede consultar, actualizar, modificar o solicitar la eliminaci\u00f3n de la informaci\u00f3n que le concierne contactando al Responsable del tratamiento.<br \/>\nAdem\u00e1s, tiene la posibilidad de darse de baja en cualquier momento de nuestras listas de difusi\u00f3n a trav\u00e9s del enlace situado al final de nuestros boletines.<\/p>\n<h2>Cookies<\/h2>\n<p>El sitio www.gtrs-sa.com utiliza \u00abcookies\u00bb para recopilar y registrar cierta informaci\u00f3n de los usuarios.<br \/>\nEstos archivos nos permiten procesar estad\u00edsticas e informaci\u00f3n sobre el tr\u00e1fico, facilitar la navegaci\u00f3n y mejorar el servicio para su comodidad.<br \/>\nLas cookies nos permiten, por ejemplo, personalizar las p\u00e1ginas de inicio guardando las preferencias que puede expresar durante una visita anterior a nuestro sitio. Pueden asegurar su contrase\u00f1a, identificar las secciones del sitio que ha visitado o incluso seguir la evoluci\u00f3n de sus preferencias. Nuestras cookies pueden eventualmente recopilar un nombre de dominio y seguir su recorrido a trav\u00e9s de nuestras p\u00e1ginas web.<br \/>\nEstos archivos contienen principalmente la siguiente informaci\u00f3n: direcci\u00f3n IP, sistema operativo, solicitudes, p\u00e1ginas visitadas, horas y d\u00eda de conexi\u00f3n, idioma.<br \/>\nUtilizamos las cookies con los siguientes fines: mejora del servicio, creaci\u00f3n de perfiles de consumo personalizados, estudios estad\u00edsticos.<\/p>\n<p>Al navegar por el sitio, se pueden registrar cookies de terceros. Se trata principalmente de los siguientes terceros: Google.<br \/>\nLas cookies utilizadas no pueden extraer de su disco duro informaci\u00f3n personal que permita identificarle de otra forma que no sea como cookies, ni transmitir virus inform\u00e1ticos.<br \/>\nUtilizamos las cookies \u00fanicamente para recopilar la informaci\u00f3n mencionada en esta Carta y, de ninguna manera, informaci\u00f3n de car\u00e1cter personal o nominativa que permita identificarle sin su consentimiento.<br \/>\nTiene la posibilidad de intervenir a nivel de las cookies. Modificando la configuraci\u00f3n de su navegador (generalmente en el men\u00fa \u00abherramientas\u00bb, secci\u00f3n \u00abprivacidad\u00bb o t\u00e9rmino equivalente), puede: aceptar todas las cookies, ser advertido cuando se active una cookie, o rechazar todas las cookies. Sin embargo, es probable que entonces encuentre dificultades para navegar por el sitio en las mejores condiciones.<\/p>\n","protected":false},"excerpt":{"rendered":"<p>General La normativa de protecci\u00f3n de datos es una prioridad para GTRS SA. Por esta raz\u00f3n, queremos asegurarnos de que toda la informaci\u00f3n relacionada con el tratamiento de sus datos personales en el sitio web www.gtrs-sa.com sea clara y comprensible para el usuario. Esta normativa de protecci\u00f3n de datos tiene como objetivo informarle sobre el [&hellip;]<\/p>\n","protected":false},"author":1,"featured_media":0,"parent":0,"menu_order":0,"comment_status":"closed","ping_status":"closed","template":"","meta":{"site-sidebar-layout":"default","site-content-layout":"","ast-site-content-layout":"default","site-content-style":"default","site-sidebar-style":"default","ast-global-header-display":"","ast-banner-title-visibility":"","ast-main-header-display":"","ast-hfb-above-header-display":"","ast-hfb-below-header-display":"","ast-hfb-mobile-header-display":"","site-post-title":"","ast-breadcrumbs-content":"","ast-featured-img":"","footer-sml-layout":"","theme-transparent-header-meta":"default","adv-header-id-meta":"","stick-header-meta":"","header-above-stick-meta":"","header-main-stick-meta":"","header-below-stick-meta":"","astra-migrate-meta-layouts":"default","ast-page-background-enabled":"default","ast-page-background-meta":{"desktop":{"background-color":"","background-image":"","background-repeat":"repeat","background-position":"center center","background-size":"auto","background-attachment":"scroll","background-type":"","background-media":"","overlay-type":"","overlay-color":"","overlay-opacity":"","overlay-gradient":""},"tablet":{"background-color":"","background-image":"","background-repeat":"repeat","background-position":"center center","background-size":"auto","background-attachment":"scroll","background-type":"","background-media":"","overlay-type":"","overlay-color":"","overlay-opacity":"","overlay-gradient":""},"mobile":{"background-color":"","background-image":"","background-repeat":"repeat","background-position":"center center","background-size":"auto","background-attachment":"scroll","background-type":"","background-media":"","overlay-type":"","overlay-color":"","overlay-opacity":"","overlay-gradient":""}},"ast-content-background-meta":{"desktop":{"background-color":"var(--ast-global-color-5)","background-image":"","background-repeat":"repeat","background-position":"center center","background-size":"auto","background-attachment":"scroll","background-type":"","background-media":"","overlay-type":"","overlay-color":"","overlay-opacity":"","overlay-gradient":""},"tablet":{"background-color":"var(--ast-global-color-5)","background-image":"","background-repeat":"repeat","background-position":"center center","background-size":"auto","background-attachment":"scroll","background-type":"","background-media":"","overlay-type":"","overlay-color":"","overlay-opacity":"","overlay-gradient":""},"mobile":{"background-color":"var(--ast-global-color-5)","background-image":"","background-repeat":"repeat","background-position":"center center","background-size":"auto","background-attachment":"scroll","background-type":"","background-media":"","overlay-type":"","overlay-color":"","overlay-opacity":"","overlay-gradient":""}},"footnotes":""},"class_list":["post-2654","page","type-page","status-publish","hentry"],"yoast_head":"<!-- This site is optimized with the Yoast SEO plugin v27.1.1 - https:\/\/yoast.com\/product\/yoast-seo-wordpress\/ -->\n<title>Pol\u00edtica de privacidad - GTRS SA<\/title>\n<meta name=\"robots\" content=\"index, follow, max-snippet:-1, max-image-preview:large, max-video-preview:-1\" \/>\n<link rel=\"canonical\" href=\"https:\/\/www.gtrs-sa.com\/es\/politica-de-privacidad\/\" \/>\n<meta property=\"og:locale\" content=\"es_ES\" \/>\n<meta property=\"og:type\" content=\"article\" \/>\n<meta property=\"og:title\" content=\"Pol\u00edtica de privacidad - GTRS SA\" \/>\n<meta property=\"og:description\" content=\"General La normativa de protecci\u00f3n de datos es una prioridad para GTRS SA. Por esta raz\u00f3n, queremos asegurarnos de que toda la informaci\u00f3n relacionada con el tratamiento de sus datos personales en el sitio web www.gtrs-sa.com sea clara y comprensible para el usuario. Esta normativa de protecci\u00f3n de datos tiene como objetivo informarle sobre el [&hellip;]\" \/>\n<meta property=\"og:url\" content=\"https:\/\/www.gtrs-sa.com\/es\/politica-de-privacidad\/\" \/>\n<meta property=\"og:site_name\" content=\"GTRS SA\" \/>\n<meta property=\"article:modified_time\" content=\"2025-11-08T10:38:05+00:00\" \/>\n<meta name=\"twitter:card\" content=\"summary_large_image\" \/>\n<meta name=\"twitter:label1\" content=\"Tiempo de lectura\" \/>\n\t<meta name=\"twitter:data1\" content=\"5 minuto\" \/>\n<script type=\"application\/ld+json\" class=\"yoast-schema-graph\">{\"@context\":\"https:\/\/schema.org\",\"@graph\":[{\"@type\":\"WebPage\",\"@id\":\"https:\/\/www.gtrs-sa.com\/es\/politica-de-privacidad\/\",\"url\":\"https:\/\/www.gtrs-sa.com\/es\/politica-de-privacidad\/\",\"name\":\"Pol\u00edtica de privacidad - GTRS SA\",\"isPartOf\":{\"@id\":\"https:\/\/www.gtrs-sa.com\/es\/#website\"},\"datePublished\":\"2025-11-08T10:14:00+00:00\",\"dateModified\":\"2025-11-08T10:38:05+00:00\",\"breadcrumb\":{\"@id\":\"https:\/\/www.gtrs-sa.com\/es\/politica-de-privacidad\/#breadcrumb\"},\"inLanguage\":\"es\",\"potentialAction\":[{\"@type\":\"ReadAction\",\"target\":[\"https:\/\/www.gtrs-sa.com\/es\/politica-de-privacidad\/\"]}]},{\"@type\":\"BreadcrumbList\",\"@id\":\"https:\/\/www.gtrs-sa.com\/es\/politica-de-privacidad\/#breadcrumb\",\"itemListElement\":[{\"@type\":\"ListItem\",\"position\":1,\"name\":\"Inicio\",\"item\":\"https:\/\/www.gtrs-sa.com\/es\/inicio\/\"},{\"@type\":\"ListItem\",\"position\":2,\"name\":\"Pol\u00edtica de privacidad\"}]},{\"@type\":\"WebSite\",\"@id\":\"https:\/\/www.gtrs-sa.com\/es\/#website\",\"url\":\"https:\/\/www.gtrs-sa.com\/es\/\",\"name\":\"GTRS SA\",\"description\":\"Plumby Th\u00e8me\",\"publisher\":{\"@id\":\"https:\/\/www.gtrs-sa.com\/es\/#organization\"},\"potentialAction\":[{\"@type\":\"SearchAction\",\"target\":{\"@type\":\"EntryPoint\",\"urlTemplate\":\"https:\/\/www.gtrs-sa.com\/es\/?s={search_term_string}\"},\"query-input\":{\"@type\":\"PropertyValueSpecification\",\"valueRequired\":true,\"valueName\":\"search_term_string\"}}],\"inLanguage\":\"es\"},{\"@type\":\"Organization\",\"@id\":\"https:\/\/www.gtrs-sa.com\/es\/#organization\",\"name\":\"GTRS SA\",\"url\":\"https:\/\/www.gtrs-sa.com\/es\/\",\"logo\":{\"@type\":\"ImageObject\",\"inLanguage\":\"es\",\"@id\":\"https:\/\/www.gtrs-sa.com\/es\/#\/schema\/logo\/image\/\",\"url\":\"https:\/\/www.gtrs-sa.com\/wp-content\/uploads\/2025\/09\/logo-GTRS-Saazor.png\",\"contentUrl\":\"https:\/\/www.gtrs-sa.com\/wp-content\/uploads\/2025\/09\/logo-GTRS-Saazor.png\",\"width\":2362,\"height\":1785,\"caption\":\"GTRS SA\"},\"image\":{\"@id\":\"https:\/\/www.gtrs-sa.com\/es\/#\/schema\/logo\/image\/\"}}]}<\/script>\n<!-- \/ Yoast SEO plugin. -->","yoast_head_json":{"title":"Pol\u00edtica de privacidad - GTRS SA","robots":{"index":"index","follow":"follow","max-snippet":"max-snippet:-1","max-image-preview":"max-image-preview:large","max-video-preview":"max-video-preview:-1"},"canonical":"https:\/\/www.gtrs-sa.com\/es\/politica-de-privacidad\/","og_locale":"es_ES","og_type":"article","og_title":"Pol\u00edtica de privacidad - GTRS SA","og_description":"General La normativa de protecci\u00f3n de datos es una prioridad para GTRS SA. Por esta raz\u00f3n, queremos asegurarnos de que toda la informaci\u00f3n relacionada con el tratamiento de sus datos personales en el sitio web www.gtrs-sa.com sea clara y comprensible para el usuario. Esta normativa de protecci\u00f3n de datos tiene como objetivo informarle sobre el [&hellip;]","og_url":"https:\/\/www.gtrs-sa.com\/es\/politica-de-privacidad\/","og_site_name":"GTRS SA","article_modified_time":"2025-11-08T10:38:05+00:00","twitter_card":"summary_large_image","twitter_misc":{"Tiempo de lectura":"5 minuto"},"schema":{"@context":"https:\/\/schema.org","@graph":[{"@type":"WebPage","@id":"https:\/\/www.gtrs-sa.com\/es\/politica-de-privacidad\/","url":"https:\/\/www.gtrs-sa.com\/es\/politica-de-privacidad\/","name":"Pol\u00edtica de privacidad - GTRS SA","isPartOf":{"@id":"https:\/\/www.gtrs-sa.com\/es\/#website"},"datePublished":"2025-11-08T10:14:00+00:00","dateModified":"2025-11-08T10:38:05+00:00","breadcrumb":{"@id":"https:\/\/www.gtrs-sa.com\/es\/politica-de-privacidad\/#breadcrumb"},"inLanguage":"es","potentialAction":[{"@type":"ReadAction","target":["https:\/\/www.gtrs-sa.com\/es\/politica-de-privacidad\/"]}]},{"@type":"BreadcrumbList","@id":"https:\/\/www.gtrs-sa.com\/es\/politica-de-privacidad\/#breadcrumb","itemListElement":[{"@type":"ListItem","position":1,"name":"Inicio","item":"https:\/\/www.gtrs-sa.com\/es\/inicio\/"},{"@type":"ListItem","position":2,"name":"Pol\u00edtica de privacidad"}]},{"@type":"WebSite","@id":"https:\/\/www.gtrs-sa.com\/es\/#website","url":"https:\/\/www.gtrs-sa.com\/es\/","name":"GTRS SA","description":"Plumby Th\u00e8me","publisher":{"@id":"https:\/\/www.gtrs-sa.com\/es\/#organization"},"potentialAction":[{"@type":"SearchAction","target":{"@type":"EntryPoint","urlTemplate":"https:\/\/www.gtrs-sa.com\/es\/?s={search_term_string}"},"query-input":{"@type":"PropertyValueSpecification","valueRequired":true,"valueName":"search_term_string"}}],"inLanguage":"es"},{"@type":"Organization","@id":"https:\/\/www.gtrs-sa.com\/es\/#organization","name":"GTRS SA","url":"https:\/\/www.gtrs-sa.com\/es\/","logo":{"@type":"ImageObject","inLanguage":"es","@id":"https:\/\/www.gtrs-sa.com\/es\/#\/schema\/logo\/image\/","url":"https:\/\/www.gtrs-sa.com\/wp-content\/uploads\/2025\/09\/logo-GTRS-Saazor.png","contentUrl":"https:\/\/www.gtrs-sa.com\/wp-content\/uploads\/2025\/09\/logo-GTRS-Saazor.png","width":2362,"height":1785,"caption":"GTRS SA"},"image":{"@id":"https:\/\/www.gtrs-sa.com\/es\/#\/schema\/logo\/image\/"}}]}},"_links":{"self":[{"href":"https:\/\/www.gtrs-sa.com\/es\/wp-json\/wp\/v2\/pages\/2654","targetHints":{"allow":["GET"]}}],"collection":[{"href":"https:\/\/www.gtrs-sa.com\/es\/wp-json\/wp\/v2\/pages"}],"about":[{"href":"https:\/\/www.gtrs-sa.com\/es\/wp-json\/wp\/v2\/types\/page"}],"author":[{"embeddable":true,"href":"https:\/\/www.gtrs-sa.com\/es\/wp-json\/wp\/v2\/users\/1"}],"replies":[{"embeddable":true,"href":"https:\/\/www.gtrs-sa.com\/es\/wp-json\/wp\/v2\/comments?post=2654"}],"version-history":[{"count":2,"href":"https:\/\/www.gtrs-sa.com\/es\/wp-json\/wp\/v2\/pages\/2654\/revisions"}],"predecessor-version":[{"id":2737,"href":"https:\/\/www.gtrs-sa.com\/es\/wp-json\/wp\/v2\/pages\/2654\/revisions\/2737"}],"wp:attachment":[{"href":"https:\/\/www.gtrs-sa.com\/es\/wp-json\/wp\/v2\/media?parent=2654"}],"curies":[{"name":"wp","href":"https:\/\/api.w.org\/{rel}","templated":true}]}}