{"id":2893,"date":"2025-11-30T17:45:57","date_gmt":"2025-11-30T15:45:57","guid":{"rendered":"https:\/\/www.gtrs-sa.com\/sigueme\/"},"modified":"2025-11-30T19:12:14","modified_gmt":"2025-11-30T17:12:14","slug":"sigueme","status":"publish","type":"page","link":"https:\/\/www.gtrs-sa.com\/es\/sigueme\/","title":{"rendered":"S\u00edgueme"},"content":{"rendered":"\t\t<div data-elementor-type=\"wp-page\" data-elementor-id=\"2893\" class=\"elementor elementor-2893 elementor-2889\" data-elementor-post-type=\"page\">\n\t\t\t\t<div class=\"elementor-element elementor-element-1e84092 e-flex e-con-boxed e-con e-parent\" data-id=\"1e84092\" data-element_type=\"container\" data-settings=\"{&quot;background_background&quot;:&quot;classic&quot;}\">\n\t\t\t\t\t<div class=\"e-con-inner\">\n\t\t\t\t<div class=\"elementor-element elementor-element-c53cd16 elementor-widget__width-inherit elementor-widget elementor-widget-heading\" data-id=\"c53cd16\" data-element_type=\"widget\" data-widget_type=\"heading.default\">\n\t\t\t\t<div class=\"elementor-widget-container\">\n\t\t\t\t\t<h1 class=\"elementor-heading-title elementor-size-default\">S\u00edgueme<\/h1>\t\t\t\t<\/div>\n\t\t\t\t<\/div>\n\t\t\t\t<div class=\"elementor-element elementor-element-edf7686 elementor-widget__width-initial elementor-widget-mobile__width-inherit elementor-widget elementor-widget-pp-breadcrumbs\" data-id=\"edf7686\" data-element_type=\"widget\" data-settings=\"{&quot;breadcrumbs_type&quot;:&quot;powerpack&quot;}\" data-widget_type=\"pp-breadcrumbs.default\">\n\t\t\t\t<div class=\"elementor-widget-container\">\n\t\t\t\t\t<ul class=\"pp-breadcrumbs pp-breadcrumbs-powerpack\">\t\t<li class=\"pp-breadcrumbs-item pp-breadcrumbs-item-home\">\n\t\t\t<a class=\"pp-breadcrumbs-crumb pp-breadcrumbs-crumb-link pp-breadcrumbs-crumb-home\" href=\"https:\/\/www.gtrs-sa.com\/es\/\" title=\"Inicio\">\n\t\t\t\t<span class=\"pp-breadcrumbs-text\">\n\t\t\t\t\t\t\t\t\t\t\t<span class=\"pp-icon\">\n\t\t\t\t\t\t\t<i aria-hidden=\"true\" class=\"fas fa-home\"><\/i>\t\t\t\t\t\t<\/span>\n\t\t\t\t\t\t\t\t\t\tInicio\t\t\t\t<\/span>\n\t\t\t<\/a>\n\t\t<\/li>\n\t\t<li class=\"pp-breadcrumbs-separator\">\t\t\t\t<span class='pp-separator-icon pp-icon'>\n\t\t\t\t\t<i aria-hidden=\"true\" class=\"fas fa-angle-right\"><\/i>\t\t\t\t<\/span>\n\t\t\t\t<\/li><\/ul>\t\t\t\t<\/div>\n\t\t\t\t<\/div>\n\t\t\t\t\t<\/div>\n\t\t\t\t<\/div>\n\t\t<div class=\"elementor-element elementor-element-435fba4 e-flex e-con-boxed e-con e-parent\" data-id=\"435fba4\" data-element_type=\"container\">\n\t\t\t\t\t<div class=\"e-con-inner\">\n\t\t\t\t<div class=\"elementor-element elementor-element-07ea13d elementor-widget elementor-widget-heading\" data-id=\"07ea13d\" data-element_type=\"widget\" data-widget_type=\"heading.default\">\n\t\t\t\t<div class=\"elementor-widget-container\">\n\t\t\t\t\t<h2 class=\"elementor-heading-title elementor-size-default\">Tecnolog\u00eda para la precisi\u00f3n<\/h2>\t\t\t\t<\/div>\n\t\t\t\t<\/div>\n\t\t<div class=\"elementor-element elementor-element-f1d227a e-con-full e-flex e-con e-child\" data-id=\"f1d227a\" data-element_type=\"container\">\n\t\t<div class=\"elementor-element elementor-element-d7427e3 e-con-full e-flex e-con e-child\" data-id=\"d7427e3\" data-element_type=\"container\">\n\t\t\t\t<div class=\"elementor-element elementor-element-8f9cf2a texte elementor-widget elementor-widget-text-editor\" data-id=\"8f9cf2a\" data-element_type=\"widget\" data-widget_type=\"text-editor.default\">\n\t\t\t\t<div class=\"elementor-widget-container\">\n\t\t\t\t\t\t\t\t\t<p>Con <strong data-start=\"1495\" data-end=\"1508\">Follow Me<\/strong>, GTRS ofrece un seguimiento completo de cada herramienta desde que sale de las instalaciones del cliente hasta la inspecci\u00f3n final. Un sistema \u00fanico, hecho a medida para nuestros procesos, que permite : <\/p><ul data-start=\"816\" data-end=\"1089\"><li data-start=\"816\" data-end=\"890\"><p data-start=\"818\" data-end=\"890\">rastrea cada herramienta desde la recogida hasta la entrega,<\/p><\/li><li data-start=\"891\" data-end=\"944\"><p data-start=\"893\" data-end=\"944\">controlar las fases de producci\u00f3n en tiempo real,<\/p><\/li><li data-start=\"945\" data-end=\"1018\"><p data-start=\"947\" data-end=\"1018\">conocer el historial de intervenciones de cada herramienta,<\/p><\/li><li data-start=\"1019\" data-end=\"1089\"><p data-start=\"1021\" data-end=\"1089\">y ofrecer a nuestros clientes una transparencia total.<\/p><\/li><\/ul><p>Follow Me es la garant\u00eda de un proceso controlado de principio a fin, al servicio de la calidad y la capacidad de respuesta de GTRS.<\/p>\t\t\t\t\t\t\t\t<\/div>\n\t\t\t\t<\/div>\n\t\t\t\t<\/div>\n\t\t<div class=\"elementor-element elementor-element-008c653 e-con-full e-flex e-con e-child\" data-id=\"008c653\" data-element_type=\"container\">\n\t\t\t\t<div class=\"elementor-element elementor-element-8dfee5a uael-aspect-ratio-16_9 elementor-widget elementor-widget-uael-video\" data-id=\"8dfee5a\" data-element_type=\"widget\" data-widget_type=\"uael-video.default\">\n\t\t\t\t<div class=\"elementor-widget-container\">\n\t\t\t\t\t\t\t\t\t\t\t<div class=\"uael-video__outer-wrap  uael-video-type-hosted\" data-device=\"false\" data-vsticky=\"no\" data-hidedesktop=\"\" data-hidetablet=\"\" data-hidemobile=\"\" data-vsticky-viewport=\"0\" data-hosted-html=\"&quot; &lt;video class=\\&quot;uael-hosted-video\\&quot; src=\\&quot;https:\\\/\\\/www.gtrs-sa.com\\\/wp-content\\\/uploads\\\/gtrs-follow-me-presentation.mp4\\&quot; controls=&amp;quot;&amp;quot;&gt;&lt;\\\/video&gt; &quot;\" data-autoplay=\"0\">\n\t\t\t\t\t\t<div class=\"uael-video-inner-wrap\">\n\t\t\t\t<div class=\"uael-video__play\" data-src=\"https:\/\/www.gtrs-sa.com\/wp-content\/uploads\/gtrs-follow-me-presentation.mp4\">\n\t\t\t\t\t<video class=\"uael-video__thumb\" src=\"https:\/\/www.gtrs-sa.com\/wp-content\/uploads\/gtrs-follow-me-presentation.mp4\" alt=\"\"><\/video>\n\t\t\t\t\t<div class=\"uael-video__play-icon uael-animation-\">\n\t\t\t\t\t\t<i aria-hidden=\"true\" class=\"fa fa-play-circle\"><\/i>\t\t\t\t\t<\/div>\n\t\t\t\t<\/div>\n\t\t\t\t\t\t\t\t\t\t\t<\/div>\n\t\t<\/div>\n\t\t\t\t\t\t\t<\/div>\n\t\t\t\t<\/div>\n\t\t\t\t<\/div>\n\t\t\t\t<\/div>\n\t\t\t\t<div class=\"elementor-element elementor-element-26da50c elementor-widget elementor-widget-n-accordion\" data-id=\"26da50c\" data-element_type=\"widget\" data-settings=\"{&quot;default_state&quot;:&quot;expanded&quot;,&quot;max_items_expended&quot;:&quot;one&quot;,&quot;n_accordion_animation_duration&quot;:{&quot;unit&quot;:&quot;ms&quot;,&quot;size&quot;:400,&quot;sizes&quot;:[]}}\" data-widget_type=\"nested-accordion.default\">\n\t\t\t\t<div class=\"elementor-widget-container\">\n\t\t\t\t\t\t\t<div class=\"e-n-accordion\" aria-label=\"Accordion. Open links with Enter or Space, close with Escape, and navigate with Arrow Keys\">\n\t\t\t\t\t\t<details id=\"e-n-accordion-item-4070\" class=\"e-n-accordion-item\" open>\n\t\t\t\t<summary class=\"e-n-accordion-item-title\" data-accordion-index=\"1\" tabindex=\"0\" aria-expanded=\"true\" aria-controls=\"e-n-accordion-item-4070\" >\n\t\t\t\t\t<span class='e-n-accordion-item-title-header'><p class=\"e-n-accordion-item-title-text\"> Haz tus pedidos   <\/p><\/span>\n\t\t\t\t\t\t\t<span class='e-n-accordion-item-title-icon'>\n\t\t\t<span class='e-opened' ><i aria-hidden=\"true\" class=\"fas fa-minus\"><\/i><\/span>\n\t\t\t<span class='e-closed'><i aria-hidden=\"true\" class=\"fas fa-plus\"><\/i><\/span>\n\t\t<\/span>\n\n\t\t\t\t\t\t<\/summary>\n\t\t\t\t<div role=\"region\" aria-labelledby=\"e-n-accordion-item-4070\" class=\"elementor-element elementor-element-3f0aca8 e-con-full e-flex e-con e-child\" data-id=\"3f0aca8\" data-element_type=\"container\">\n\t\t\t\t<div class=\"elementor-element elementor-element-13a61d0 texte elementor-widget elementor-widget-text-editor\" data-id=\"13a61d0\" data-element_type=\"widget\" data-widget_type=\"text-editor.default\">\n\t\t\t\t<div class=\"elementor-widget-container\">\n\t\t\t\t\t\t\t\t\t<p data-start=\"144\" data-end=\"226\">Con <strong data-start=\"149\" data-end=\"162\">S\u00edgueme<\/strong>, puedes registrar tus pedidos en cuesti\u00f3n de segundos:<\/p><ul data-start=\"227\" data-end=\"361\"><li data-start=\"227\" data-end=\"277\"><p data-start=\"229\" data-end=\"277\"><strong data-start=\"229\" data-end=\"274\">codificar manualmente las herramientas en cuesti\u00f3n<\/strong>,<\/p><\/li><li data-start=\"278\" data-end=\"361\"><p data-start=\"280\" data-end=\"361\">o <strong data-start=\"283\" data-end=\"326\">importar directamente un archivo completo<\/strong> si gestionas grandes vol\u00famenes.<\/p><\/li><\/ul><p data-start=\"363\" data-end=\"692\">Para cada herramienta, selecciona <strong data-start=\"389\" data-end=\"425\">el tipo de trabajo necesario <\/strong>(afilado, reperfilado, etc.).<\/p><p data-start=\"363\" data-end=\"692\">Tu solicitud se <strong data-start=\"512\" data-end=\"540\">transmite instant\u00e1neamente<\/strong> a nuestros equipos, que pueden organizar inmediatamente la <strong data-start=\"595\" data-end=\"617\">retirada de las herramientas<\/strong>, poner en marcha la preparaci\u00f3n e integrar el pedido en el flujo de producci\u00f3n.<\/p>\t\t\t\t\t\t\t\t<\/div>\n\t\t\t\t<\/div>\n\t\t\t\t<\/div>\n\t\t\t\t\t<\/details>\n\t\t\t\t\t\t<details id=\"e-n-accordion-item-4071\" class=\"e-n-accordion-item\" >\n\t\t\t\t<summary class=\"e-n-accordion-item-title\" data-accordion-index=\"2\" tabindex=\"-1\" aria-expanded=\"false\" aria-controls=\"e-n-accordion-item-4071\" >\n\t\t\t\t\t<span class='e-n-accordion-item-title-header'><p class=\"e-n-accordion-item-title-text\"> Sigue tus pedidos <\/p><\/span>\n\t\t\t\t\t\t\t<span class='e-n-accordion-item-title-icon'>\n\t\t\t<span class='e-opened' ><i aria-hidden=\"true\" class=\"fas fa-minus\"><\/i><\/span>\n\t\t\t<span class='e-closed'><i aria-hidden=\"true\" class=\"fas fa-plus\"><\/i><\/span>\n\t\t<\/span>\n\n\t\t\t\t\t\t<\/summary>\n\t\t\t\t<div role=\"region\" aria-labelledby=\"e-n-accordion-item-4071\" class=\"elementor-element elementor-element-2a30f86 e-con-full e-flex e-con e-child\" data-id=\"2a30f86\" data-element_type=\"container\">\n\t\t\t\t<div class=\"elementor-element elementor-element-9cc1ac5 texte elementor-widget elementor-widget-text-editor\" data-id=\"9cc1ac5\" data-element_type=\"widget\" data-widget_type=\"text-editor.default\">\n\t\t\t\t<div class=\"elementor-widget-container\">\n\t\t\t\t\t\t\t\t\t<p data-start=\"91\" data-end=\"185\">Para cada uno de tus pedidos, tienes acceso a un sistema de <strong data-start=\"140\" data-end=\"183\">seguimiento completo y perfectamente estructurado<\/strong>:<\/p><ul data-start=\"187\" data-end=\"312\"><li data-start=\"187\" data-end=\"231\"><p data-start=\"189\" data-end=\"231\">una lista detallada de las herramientas implicadas,<\/p><\/li><li data-start=\"232\" data-end=\"256\"><p data-start=\"234\" data-end=\"256\">el albar\u00e1n de entrega,<\/p><\/li><li data-start=\"257\" data-end=\"272\"><p data-start=\"259\" data-end=\"272\">la factura,<\/p><\/li><li data-start=\"273\" data-end=\"312\"><p data-start=\"275\" data-end=\"312\">y todos los documentos asociados.<\/p><\/li><\/ul><p data-start=\"314\" data-end=\"394\">Y para <strong data-start=\"322\" data-end=\"338\">cada herramienta<\/strong>, dispones de informaci\u00f3n precisa y actualizada:<\/p><ul data-start=\"396\" data-end=\"582\"><li data-start=\"396\" data-end=\"444\"><p data-start=\"398\" data-end=\"444\">historial completo y estado,<\/p><\/li><li data-start=\"445\" data-end=\"485\"><p data-start=\"447\" data-end=\"485\">pasos del proceso en tiempo real,<\/p><\/li><li data-start=\"486\" data-end=\"582\"><p data-start=\"488\" data-end=\"582\">as\u00ed como todos los documentos t\u00e9cnicos: fichas de seguimiento, informes de inspecci\u00f3n, mediciones, etc.<\/p><\/li><\/ul><p>Visibilidad total, para que puedas controlar cada herramienta con precisi\u00f3n y tranquilidad.<\/p>\t\t\t\t\t\t\t\t<\/div>\n\t\t\t\t<\/div>\n\t\t\t\t<\/div>\n\t\t\t\t\t<\/details>\n\t\t\t\t\t\t<details id=\"e-n-accordion-item-4072\" class=\"e-n-accordion-item\" >\n\t\t\t\t<summary class=\"e-n-accordion-item-title\" data-accordion-index=\"3\" tabindex=\"-1\" aria-expanded=\"false\" aria-controls=\"e-n-accordion-item-4072\" >\n\t\t\t\t\t<span class='e-n-accordion-item-title-header'><p class=\"e-n-accordion-item-title-text\"> Contacta con nuestros equipos   <\/p><\/span>\n\t\t\t\t\t\t\t<span class='e-n-accordion-item-title-icon'>\n\t\t\t<span class='e-opened' ><i aria-hidden=\"true\" class=\"fas fa-minus\"><\/i><\/span>\n\t\t\t<span class='e-closed'><i aria-hidden=\"true\" class=\"fas fa-plus\"><\/i><\/span>\n\t\t<\/span>\n\n\t\t\t\t\t\t<\/summary>\n\t\t\t\t<div role=\"region\" aria-labelledby=\"e-n-accordion-item-4072\" class=\"elementor-element elementor-element-57de408 e-con-full e-flex e-con e-child\" data-id=\"57de408\" data-element_type=\"container\">\n\t\t\t\t<div class=\"elementor-element elementor-element-6f0059b texte elementor-widget elementor-widget-text-editor\" data-id=\"6f0059b\" data-element_type=\"widget\" data-widget_type=\"text-editor.default\">\n\t\t\t\t<div class=\"elementor-widget-container\">\n\t\t\t\t\t\t\t\t\t<p data-start=\"157\" data-end=\"285\">S\u00edgueme incorpora un espacio de intercambio dedicado, que te permite <strong data-start=\"221\" data-end=\"269\">comunicarte f\u00e1cilmente con los equipos de GTRS<\/strong> en cada etapa.<\/p><p data-start=\"287\" data-end=\"493\">Desde tu interfaz, puedes hacer una pregunta, transmitir informaci\u00f3n o informar de una necesidad concreta.<br data-start=\"404\" data-end=\"407\">Y nuestros t\u00e9cnicos tambi\u00e9n pueden <strong data-start=\"458\" data-end=\"489\">avisarte en tiempo<\/strong> real:<\/p><ul data-start=\"494\" data-end=\"660\"><li data-start=\"494\" data-end=\"521\"><p data-start=\"496\" data-end=\"521\">asesoramiento t\u00e9cnico,<\/p><\/li><li data-start=\"522\" data-end=\"562\"><p data-start=\"524\" data-end=\"562\">un punto de atenci\u00f3n en una herramienta,<\/p><\/li><li data-start=\"563\" data-end=\"589\"><p data-start=\"565\" data-end=\"589\">de un problema detectado,<\/p><\/li><li data-start=\"590\" data-end=\"660\"><p data-start=\"592\" data-end=\"660\">o una recomendaci\u00f3n para optimizar tus pr\u00f3ximas intervenciones.<\/p><\/li><\/ul><p data-start=\"662\" data-end=\"845\">Estos intercambios centralizados en S\u00edgueme permiten <strong data-start=\"716\" data-end=\"765\">un seguimiento m\u00e1s fluido, r\u00e1pido y preciso<\/strong>, al tiempo que garantizan una comunicaci\u00f3n clara entre tus equipos y los nuestros.<\/p>\t\t\t\t\t\t\t\t<\/div>\n\t\t\t\t<\/div>\n\t\t\t\t<\/div>\n\t\t\t\t\t<\/details>\n\t\t\t\t\t<\/div>\n\t\t\t\t\t\t<\/div>\n\t\t\t\t<\/div>\n\t\t\t\t\t<\/div>\n\t\t\t\t<\/div>\n\t\t\t\t<\/div>\n\t\t","protected":false},"excerpt":{"rendered":"<p>Inicio Tecnolog\u00eda para la precisi\u00f3n Con Follow Me, GTRS ofrece un seguimiento completo de cada herramienta desde que sale de las instalaciones del cliente hasta la inspecci\u00f3n final. Un sistema \u00fanico, hecho a medida para nuestros procesos, que permite : rastrea cada herramienta desde la recogida hasta la entrega, controlar las fases de producci\u00f3n en [&hellip;]<\/p>\n","protected":false},"author":1,"featured_media":0,"parent":0,"menu_order":0,"comment_status":"closed","ping_status":"closed","template":"elementor_header_footer","meta":{"site-sidebar-layout":"no-sidebar","site-content-layout":"page-builder","ast-site-content-layout":"full-width-container","site-content-style":"default","site-sidebar-style":"default","ast-global-header-display":"","ast-banner-title-visibility":"","ast-main-header-display":"","ast-hfb-above-header-display":"","ast-hfb-below-header-display":"","ast-hfb-mobile-header-display":"","site-post-title":"","ast-breadcrumbs-content":"","ast-featured-img":"disabled","footer-sml-layout":"","theme-transparent-header-meta":"default","adv-header-id-meta":"","stick-header-meta":"","header-above-stick-meta":"","header-main-stick-meta":"","header-below-stick-meta":"","astra-migrate-meta-layouts":"set","ast-page-background-enabled":"default","ast-page-background-meta":{"desktop":{"background-color":"","background-image":"","background-repeat":"repeat","background-position":"center center","background-size":"auto","background-attachment":"scroll","background-type":"","background-media":"","overlay-type":"","overlay-color":"","overlay-opacity":"","overlay-gradient":""},"tablet":{"background-color":"","background-image":"","background-repeat":"repeat","background-position":"center center","background-size":"auto","background-attachment":"scroll","background-type":"","background-media":"","overlay-type":"","overlay-color":"","overlay-opacity":"","overlay-gradient":""},"mobile":{"background-color":"","background-image":"","background-repeat":"repeat","background-position":"center center","background-size":"auto","background-attachment":"scroll","background-type":"","background-media":"","overlay-type":"","overlay-color":"","overlay-opacity":"","overlay-gradient":""}},"ast-content-background-meta":{"desktop":{"background-color":"var(--ast-global-color-5)","background-image":"","background-repeat":"repeat","background-position":"center center","background-size":"auto","background-attachment":"scroll","background-type":"","background-media":"","overlay-type":"","overlay-color":"","overlay-opacity":"","overlay-gradient":""},"tablet":{"background-color":"var(--ast-global-color-5)","background-image":"","background-repeat":"repeat","background-position":"center center","background-size":"auto","background-attachment":"scroll","background-type":"","background-media":"","overlay-type":"","overlay-color":"","overlay-opacity":"","overlay-gradient":""},"mobile":{"background-color":"var(--ast-global-color-5)","background-image":"","background-repeat":"repeat","background-position":"center center","background-size":"auto","background-attachment":"scroll","background-type":"","background-media":"","overlay-type":"","overlay-color":"","overlay-opacity":"","overlay-gradient":""}},"footnotes":""},"class_list":["post-2893","page","type-page","status-publish","hentry"],"yoast_head":"<!-- This site is optimized with the Yoast SEO plugin v27.1.1 - https:\/\/yoast.com\/product\/yoast-seo-wordpress\/ -->\n<title>S\u00edgueme - GTRS SA<\/title>\n<meta name=\"robots\" content=\"index, follow, max-snippet:-1, max-image-preview:large, max-video-preview:-1\" \/>\n<link rel=\"canonical\" href=\"https:\/\/www.gtrs-sa.com\/es\/sigueme\/\" \/>\n<meta property=\"og:locale\" content=\"es_ES\" \/>\n<meta property=\"og:type\" content=\"article\" \/>\n<meta property=\"og:title\" content=\"S\u00edgueme - GTRS SA\" \/>\n<meta property=\"og:description\" content=\"Inicio Tecnolog\u00eda para la precisi\u00f3n Con Follow Me, GTRS ofrece un seguimiento completo de cada herramienta desde que sale de las instalaciones del cliente hasta la inspecci\u00f3n final. Un sistema \u00fanico, hecho a medida para nuestros procesos, que permite : rastrea cada herramienta desde la recogida hasta la entrega, controlar las fases de producci\u00f3n en [&hellip;]\" \/>\n<meta property=\"og:url\" content=\"https:\/\/www.gtrs-sa.com\/es\/sigueme\/\" \/>\n<meta property=\"og:site_name\" content=\"GTRS SA\" \/>\n<meta property=\"article:modified_time\" content=\"2025-11-30T17:12:14+00:00\" \/>\n<meta name=\"twitter:card\" content=\"summary_large_image\" \/>\n<meta name=\"twitter:label1\" content=\"Tiempo de lectura\" \/>\n\t<meta name=\"twitter:data1\" content=\"3 minuto\" \/>\n<script type=\"application\/ld+json\" class=\"yoast-schema-graph\">{\"@context\":\"https:\/\/schema.org\",\"@graph\":[{\"@type\":\"WebPage\",\"@id\":\"https:\/\/www.gtrs-sa.com\/es\/sigueme\/\",\"url\":\"https:\/\/www.gtrs-sa.com\/es\/sigueme\/\",\"name\":\"S\u00edgueme - GTRS SA\",\"isPartOf\":{\"@id\":\"https:\/\/www.gtrs-sa.com\/es\/#website\"},\"datePublished\":\"2025-11-30T15:45:57+00:00\",\"dateModified\":\"2025-11-30T17:12:14+00:00\",\"breadcrumb\":{\"@id\":\"https:\/\/www.gtrs-sa.com\/es\/sigueme\/#breadcrumb\"},\"inLanguage\":\"es\",\"potentialAction\":[{\"@type\":\"ReadAction\",\"target\":[\"https:\/\/www.gtrs-sa.com\/es\/sigueme\/\"]}]},{\"@type\":\"BreadcrumbList\",\"@id\":\"https:\/\/www.gtrs-sa.com\/es\/sigueme\/#breadcrumb\",\"itemListElement\":[{\"@type\":\"ListItem\",\"position\":1,\"name\":\"Inicio\",\"item\":\"https:\/\/www.gtrs-sa.com\/es\/inicio\/\"},{\"@type\":\"ListItem\",\"position\":2,\"name\":\"S\u00edgueme\"}]},{\"@type\":\"WebSite\",\"@id\":\"https:\/\/www.gtrs-sa.com\/es\/#website\",\"url\":\"https:\/\/www.gtrs-sa.com\/es\/\",\"name\":\"GTRS SA\",\"description\":\"Plumby Th\u00e8me\",\"publisher\":{\"@id\":\"https:\/\/www.gtrs-sa.com\/es\/#organization\"},\"potentialAction\":[{\"@type\":\"SearchAction\",\"target\":{\"@type\":\"EntryPoint\",\"urlTemplate\":\"https:\/\/www.gtrs-sa.com\/es\/?s={search_term_string}\"},\"query-input\":{\"@type\":\"PropertyValueSpecification\",\"valueRequired\":true,\"valueName\":\"search_term_string\"}}],\"inLanguage\":\"es\"},{\"@type\":\"Organization\",\"@id\":\"https:\/\/www.gtrs-sa.com\/es\/#organization\",\"name\":\"GTRS SA\",\"url\":\"https:\/\/www.gtrs-sa.com\/es\/\",\"logo\":{\"@type\":\"ImageObject\",\"inLanguage\":\"es\",\"@id\":\"https:\/\/www.gtrs-sa.com\/es\/#\/schema\/logo\/image\/\",\"url\":\"https:\/\/www.gtrs-sa.com\/wp-content\/uploads\/2025\/09\/logo-GTRS-Saazor.png\",\"contentUrl\":\"https:\/\/www.gtrs-sa.com\/wp-content\/uploads\/2025\/09\/logo-GTRS-Saazor.png\",\"width\":2362,\"height\":1785,\"caption\":\"GTRS SA\"},\"image\":{\"@id\":\"https:\/\/www.gtrs-sa.com\/es\/#\/schema\/logo\/image\/\"}}]}<\/script>\n<!-- \/ Yoast SEO plugin. -->","yoast_head_json":{"title":"S\u00edgueme - GTRS SA","robots":{"index":"index","follow":"follow","max-snippet":"max-snippet:-1","max-image-preview":"max-image-preview:large","max-video-preview":"max-video-preview:-1"},"canonical":"https:\/\/www.gtrs-sa.com\/es\/sigueme\/","og_locale":"es_ES","og_type":"article","og_title":"S\u00edgueme - GTRS SA","og_description":"Inicio Tecnolog\u00eda para la precisi\u00f3n Con Follow Me, GTRS ofrece un seguimiento completo de cada herramienta desde que sale de las instalaciones del cliente hasta la inspecci\u00f3n final. Un sistema \u00fanico, hecho a medida para nuestros procesos, que permite : rastrea cada herramienta desde la recogida hasta la entrega, controlar las fases de producci\u00f3n en [&hellip;]","og_url":"https:\/\/www.gtrs-sa.com\/es\/sigueme\/","og_site_name":"GTRS SA","article_modified_time":"2025-11-30T17:12:14+00:00","twitter_card":"summary_large_image","twitter_misc":{"Tiempo de lectura":"3 minuto"},"schema":{"@context":"https:\/\/schema.org","@graph":[{"@type":"WebPage","@id":"https:\/\/www.gtrs-sa.com\/es\/sigueme\/","url":"https:\/\/www.gtrs-sa.com\/es\/sigueme\/","name":"S\u00edgueme - GTRS SA","isPartOf":{"@id":"https:\/\/www.gtrs-sa.com\/es\/#website"},"datePublished":"2025-11-30T15:45:57+00:00","dateModified":"2025-11-30T17:12:14+00:00","breadcrumb":{"@id":"https:\/\/www.gtrs-sa.com\/es\/sigueme\/#breadcrumb"},"inLanguage":"es","potentialAction":[{"@type":"ReadAction","target":["https:\/\/www.gtrs-sa.com\/es\/sigueme\/"]}]},{"@type":"BreadcrumbList","@id":"https:\/\/www.gtrs-sa.com\/es\/sigueme\/#breadcrumb","itemListElement":[{"@type":"ListItem","position":1,"name":"Inicio","item":"https:\/\/www.gtrs-sa.com\/es\/inicio\/"},{"@type":"ListItem","position":2,"name":"S\u00edgueme"}]},{"@type":"WebSite","@id":"https:\/\/www.gtrs-sa.com\/es\/#website","url":"https:\/\/www.gtrs-sa.com\/es\/","name":"GTRS SA","description":"Plumby Th\u00e8me","publisher":{"@id":"https:\/\/www.gtrs-sa.com\/es\/#organization"},"potentialAction":[{"@type":"SearchAction","target":{"@type":"EntryPoint","urlTemplate":"https:\/\/www.gtrs-sa.com\/es\/?s={search_term_string}"},"query-input":{"@type":"PropertyValueSpecification","valueRequired":true,"valueName":"search_term_string"}}],"inLanguage":"es"},{"@type":"Organization","@id":"https:\/\/www.gtrs-sa.com\/es\/#organization","name":"GTRS SA","url":"https:\/\/www.gtrs-sa.com\/es\/","logo":{"@type":"ImageObject","inLanguage":"es","@id":"https:\/\/www.gtrs-sa.com\/es\/#\/schema\/logo\/image\/","url":"https:\/\/www.gtrs-sa.com\/wp-content\/uploads\/2025\/09\/logo-GTRS-Saazor.png","contentUrl":"https:\/\/www.gtrs-sa.com\/wp-content\/uploads\/2025\/09\/logo-GTRS-Saazor.png","width":2362,"height":1785,"caption":"GTRS SA"},"image":{"@id":"https:\/\/www.gtrs-sa.com\/es\/#\/schema\/logo\/image\/"}}]}},"_links":{"self":[{"href":"https:\/\/www.gtrs-sa.com\/es\/wp-json\/wp\/v2\/pages\/2893","targetHints":{"allow":["GET"]}}],"collection":[{"href":"https:\/\/www.gtrs-sa.com\/es\/wp-json\/wp\/v2\/pages"}],"about":[{"href":"https:\/\/www.gtrs-sa.com\/es\/wp-json\/wp\/v2\/types\/page"}],"author":[{"embeddable":true,"href":"https:\/\/www.gtrs-sa.com\/es\/wp-json\/wp\/v2\/users\/1"}],"replies":[{"embeddable":true,"href":"https:\/\/www.gtrs-sa.com\/es\/wp-json\/wp\/v2\/comments?post=2893"}],"version-history":[{"count":10,"href":"https:\/\/www.gtrs-sa.com\/es\/wp-json\/wp\/v2\/pages\/2893\/revisions"}],"predecessor-version":[{"id":2940,"href":"https:\/\/www.gtrs-sa.com\/es\/wp-json\/wp\/v2\/pages\/2893\/revisions\/2940"}],"wp:attachment":[{"href":"https:\/\/www.gtrs-sa.com\/es\/wp-json\/wp\/v2\/media?parent=2893"}],"curies":[{"name":"wp","href":"https:\/\/api.w.org\/{rel}","templated":true}]}}