{"id":2889,"date":"2025-11-30T17:45:57","date_gmt":"2025-11-30T15:45:57","guid":{"rendered":"https:\/\/www.gtrs-sa.com\/?page_id=2889"},"modified":"2025-11-30T19:12:13","modified_gmt":"2025-11-30T17:12:13","slug":"follow-me","status":"publish","type":"page","link":"https:\/\/www.gtrs-sa.com\/fr\/follow-me\/","title":{"rendered":"Follow Me"},"content":{"rendered":"\t\t<div data-elementor-type=\"wp-page\" data-elementor-id=\"2889\" class=\"elementor elementor-2889\" data-elementor-post-type=\"page\">\n\t\t\t\t<div class=\"elementor-element elementor-element-1e84092 e-flex e-con-boxed e-con e-parent\" data-id=\"1e84092\" data-element_type=\"container\" data-settings=\"{&quot;background_background&quot;:&quot;classic&quot;}\">\n\t\t\t\t\t<div class=\"e-con-inner\">\n\t\t\t\t<div class=\"elementor-element elementor-element-c53cd16 elementor-widget__width-inherit elementor-widget elementor-widget-heading\" data-id=\"c53cd16\" data-element_type=\"widget\" data-widget_type=\"heading.default\">\n\t\t\t\t<div class=\"elementor-widget-container\">\n\t\t\t\t\t<h1 class=\"elementor-heading-title elementor-size-default\">Follow Me<\/h1>\t\t\t\t<\/div>\n\t\t\t\t<\/div>\n\t\t\t\t<div class=\"elementor-element elementor-element-edf7686 elementor-widget__width-initial elementor-widget-mobile__width-inherit elementor-widget elementor-widget-pp-breadcrumbs\" data-id=\"edf7686\" data-element_type=\"widget\" data-settings=\"{&quot;breadcrumbs_type&quot;:&quot;powerpack&quot;}\" data-widget_type=\"pp-breadcrumbs.default\">\n\t\t\t\t<div class=\"elementor-widget-container\">\n\t\t\t\t\t<ul class=\"pp-breadcrumbs pp-breadcrumbs-powerpack\">\t\t<li class=\"pp-breadcrumbs-item pp-breadcrumbs-item-home\">\n\t\t\t<a class=\"pp-breadcrumbs-crumb pp-breadcrumbs-crumb-link pp-breadcrumbs-crumb-home\" href=\"https:\/\/www.gtrs-sa.com\/fr\/\" title=\"Home\">\n\t\t\t\t<span class=\"pp-breadcrumbs-text\">\n\t\t\t\t\t\t\t\t\t\t\t<span class=\"pp-icon\">\n\t\t\t\t\t\t\t<i aria-hidden=\"true\" class=\"fas fa-home\"><\/i>\t\t\t\t\t\t<\/span>\n\t\t\t\t\t\t\t\t\t\tHome\t\t\t\t<\/span>\n\t\t\t<\/a>\n\t\t<\/li>\n\t\t<li class=\"pp-breadcrumbs-separator\">\t\t\t\t<span class='pp-separator-icon pp-icon'>\n\t\t\t\t\t<i aria-hidden=\"true\" class=\"fas fa-angle-right\"><\/i>\t\t\t\t<\/span>\n\t\t\t\t<\/li><\/ul>\t\t\t\t<\/div>\n\t\t\t\t<\/div>\n\t\t\t\t\t<\/div>\n\t\t\t\t<\/div>\n\t\t<div class=\"elementor-element elementor-element-435fba4 e-flex e-con-boxed e-con e-parent\" data-id=\"435fba4\" data-element_type=\"container\">\n\t\t\t\t\t<div class=\"e-con-inner\">\n\t\t\t\t<div class=\"elementor-element elementor-element-07ea13d elementor-widget elementor-widget-heading\" data-id=\"07ea13d\" data-element_type=\"widget\" data-widget_type=\"heading.default\">\n\t\t\t\t<div class=\"elementor-widget-container\">\n\t\t\t\t\t<h2 class=\"elementor-heading-title elementor-size-default\">La technologie au service de la pr\u00e9cision<\/h2>\t\t\t\t<\/div>\n\t\t\t\t<\/div>\n\t\t<div class=\"elementor-element elementor-element-f1d227a e-con-full e-flex e-con e-child\" data-id=\"f1d227a\" data-element_type=\"container\">\n\t\t<div class=\"elementor-element elementor-element-d7427e3 e-con-full e-flex e-con e-child\" data-id=\"d7427e3\" data-element_type=\"container\">\n\t\t\t\t<div class=\"elementor-element elementor-element-8f9cf2a texte elementor-widget elementor-widget-text-editor\" data-id=\"8f9cf2a\" data-element_type=\"widget\" data-widget_type=\"text-editor.default\">\n\t\t\t\t<div class=\"elementor-widget-container\">\n\t\t\t\t\t\t\t\t\t<p>Avec <strong data-start=\"1495\" data-end=\"1508\">Follow Me<\/strong>, GTRS offre un suivi complet de chaque outil du d\u00e9part client jusqu\u2019au contr\u00f4le final. Un syst\u00e8me unique, con\u00e7u sur-mesure pour nos process, qui permet :<\/p><ul data-start=\"816\" data-end=\"1089\"><li data-start=\"816\" data-end=\"890\"><p data-start=\"818\" data-end=\"890\">de tracer chaque outil depuis sa prise en charge jusqu\u2019\u00e0 sa livraison,<\/p><\/li><li data-start=\"891\" data-end=\"944\"><p data-start=\"893\" data-end=\"944\">de suivre en temps r\u00e9el les \u00e9tapes de production,<\/p><\/li><li data-start=\"945\" data-end=\"1018\"><p data-start=\"947\" data-end=\"1018\">de connaitre l&rsquo;historique des interventions pour chaque outil,<\/p><\/li><li data-start=\"1019\" data-end=\"1089\"><p data-start=\"1021\" data-end=\"1089\">et d\u2019offrir \u00e0 nos clients une transparence totale.<\/p><\/li><\/ul><p>Follow Me, c\u2019est la garantie d\u2019un process ma\u00eetris\u00e9 de bout en bout, au service de la qualit\u00e9 et de la r\u00e9activit\u00e9 GTRS.<\/p>\t\t\t\t\t\t\t\t<\/div>\n\t\t\t\t<\/div>\n\t\t\t\t<\/div>\n\t\t<div class=\"elementor-element elementor-element-008c653 e-con-full e-flex e-con e-child\" data-id=\"008c653\" data-element_type=\"container\">\n\t\t\t\t<div class=\"elementor-element elementor-element-8dfee5a uael-aspect-ratio-16_9 elementor-widget elementor-widget-uael-video\" data-id=\"8dfee5a\" data-element_type=\"widget\" data-widget_type=\"uael-video.default\">\n\t\t\t\t<div class=\"elementor-widget-container\">\n\t\t\t\t\t\t\t\t\t\t\t<div class=\"uael-video__outer-wrap  uael-video-type-hosted\" data-device=\"false\" data-vsticky=\"no\" data-hidedesktop=\"\" data-hidetablet=\"\" data-hidemobile=\"\" data-vsticky-viewport=\"0\" data-hosted-html=\"&quot; &lt;video class=\\&quot;uael-hosted-video\\&quot; src=\\&quot;https:\\\/\\\/www.gtrs-sa.com\\\/wp-content\\\/uploads\\\/gtrs-follow-me-presentation.mp4\\&quot; controls=&amp;quot;&amp;quot;&gt;&lt;\\\/video&gt; &quot;\" data-autoplay=\"0\">\n\t\t\t\t\t\t<div class=\"uael-video-inner-wrap\">\n\t\t\t\t<div class=\"uael-video__play\" data-src=\"https:\/\/www.gtrs-sa.com\/wp-content\/uploads\/gtrs-follow-me-presentation.mp4\">\n\t\t\t\t\t<video class=\"uael-video__thumb\" src=\"https:\/\/www.gtrs-sa.com\/wp-content\/uploads\/gtrs-follow-me-presentation.mp4\" alt=\"\"><\/video>\n\t\t\t\t\t<div class=\"uael-video__play-icon uael-animation-\">\n\t\t\t\t\t\t<i aria-hidden=\"true\" class=\"fa fa-play-circle\"><\/i>\t\t\t\t\t<\/div>\n\t\t\t\t<\/div>\n\t\t\t\t\t\t\t\t\t\t\t<\/div>\n\t\t<\/div>\n\t\t\t\t\t\t\t<\/div>\n\t\t\t\t<\/div>\n\t\t\t\t<\/div>\n\t\t\t\t<\/div>\n\t\t\t\t<div class=\"elementor-element elementor-element-26da50c elementor-widget elementor-widget-n-accordion\" data-id=\"26da50c\" data-element_type=\"widget\" data-settings=\"{&quot;default_state&quot;:&quot;expanded&quot;,&quot;max_items_expended&quot;:&quot;one&quot;,&quot;n_accordion_animation_duration&quot;:{&quot;unit&quot;:&quot;ms&quot;,&quot;size&quot;:400,&quot;sizes&quot;:[]}}\" data-widget_type=\"nested-accordion.default\">\n\t\t\t\t<div class=\"elementor-widget-container\">\n\t\t\t\t\t\t\t<div class=\"e-n-accordion\" aria-label=\"Accordion. Open links with Enter or Space, close with Escape, and navigate with Arrow Keys\">\n\t\t\t\t\t\t<details id=\"e-n-accordion-item-4070\" class=\"e-n-accordion-item\" open>\n\t\t\t\t<summary class=\"e-n-accordion-item-title\" data-accordion-index=\"1\" tabindex=\"0\" aria-expanded=\"true\" aria-controls=\"e-n-accordion-item-4070\" >\n\t\t\t\t\t<span class='e-n-accordion-item-title-header'><p class=\"e-n-accordion-item-title-text\"> Passez vos commandes  <\/p><\/span>\n\t\t\t\t\t\t\t<span class='e-n-accordion-item-title-icon'>\n\t\t\t<span class='e-opened' ><i aria-hidden=\"true\" class=\"fas fa-minus\"><\/i><\/span>\n\t\t\t<span class='e-closed'><i aria-hidden=\"true\" class=\"fas fa-plus\"><\/i><\/span>\n\t\t<\/span>\n\n\t\t\t\t\t\t<\/summary>\n\t\t\t\t<div role=\"region\" aria-labelledby=\"e-n-accordion-item-4070\" class=\"elementor-element elementor-element-3f0aca8 e-con-full e-flex e-con e-child\" data-id=\"3f0aca8\" data-element_type=\"container\">\n\t\t\t\t<div class=\"elementor-element elementor-element-13a61d0 texte elementor-widget elementor-widget-text-editor\" data-id=\"13a61d0\" data-element_type=\"widget\" data-widget_type=\"text-editor.default\">\n\t\t\t\t<div class=\"elementor-widget-container\">\n\t\t\t\t\t\t\t\t\t<p data-start=\"144\" data-end=\"226\">Avec <strong data-start=\"149\" data-end=\"162\">Follow Me<\/strong>, vous pouvez enregistrer vos commandes en quelques secondes :<\/p><ul data-start=\"227\" data-end=\"361\"><li data-start=\"227\" data-end=\"277\"><p data-start=\"229\" data-end=\"277\"><strong data-start=\"229\" data-end=\"274\">encoder manuellement les outils concern\u00e9s<\/strong>,<\/p><\/li><li data-start=\"278\" data-end=\"361\"><p data-start=\"280\" data-end=\"361\">ou <strong data-start=\"283\" data-end=\"326\">importer directement un fichier complet<\/strong> si vous g\u00e9rez de grands volumes.<\/p><\/li><\/ul><p data-start=\"363\" data-end=\"692\">Pour chaque outil, vous s\u00e9lectionnez <strong data-start=\"389\" data-end=\"425\">le type d\u2019intervention souhait\u00e9e <\/strong>(aff\u00fbtage, reprofilage, etc).<\/p><p data-start=\"363\" data-end=\"692\">Votre demande est alors <strong data-start=\"512\" data-end=\"540\">transmise instantan\u00e9ment<\/strong> \u00e0 nos \u00e9quipes, qui peuvent imm\u00e9diatement organiser le <strong data-start=\"595\" data-end=\"617\">retrait des outils<\/strong>, lancer la pr\u00e9paration et int\u00e9grer la commande dans le flux de production.<\/p>\t\t\t\t\t\t\t\t<\/div>\n\t\t\t\t<\/div>\n\t\t\t\t<\/div>\n\t\t\t\t\t<\/details>\n\t\t\t\t\t\t<details id=\"e-n-accordion-item-4071\" class=\"e-n-accordion-item\" >\n\t\t\t\t<summary class=\"e-n-accordion-item-title\" data-accordion-index=\"2\" tabindex=\"-1\" aria-expanded=\"false\" aria-controls=\"e-n-accordion-item-4071\" >\n\t\t\t\t\t<span class='e-n-accordion-item-title-header'><p class=\"e-n-accordion-item-title-text\"> Suivez vos commandes <\/p><\/span>\n\t\t\t\t\t\t\t<span class='e-n-accordion-item-title-icon'>\n\t\t\t<span class='e-opened' ><i aria-hidden=\"true\" class=\"fas fa-minus\"><\/i><\/span>\n\t\t\t<span class='e-closed'><i aria-hidden=\"true\" class=\"fas fa-plus\"><\/i><\/span>\n\t\t<\/span>\n\n\t\t\t\t\t\t<\/summary>\n\t\t\t\t<div role=\"region\" aria-labelledby=\"e-n-accordion-item-4071\" class=\"elementor-element elementor-element-2a30f86 e-con-full e-flex e-con e-child\" data-id=\"2a30f86\" data-element_type=\"container\">\n\t\t\t\t<div class=\"elementor-element elementor-element-9cc1ac5 texte elementor-widget elementor-widget-text-editor\" data-id=\"9cc1ac5\" data-element_type=\"widget\" data-widget_type=\"text-editor.default\">\n\t\t\t\t<div class=\"elementor-widget-container\">\n\t\t\t\t\t\t\t\t\t<p data-start=\"91\" data-end=\"185\">Pour chacune de vos commandes, vous acc\u00e9dez \u00e0 un <strong data-start=\"140\" data-end=\"183\">suivi complet et parfaitement structur\u00e9<\/strong> :<\/p><ul data-start=\"187\" data-end=\"312\"><li data-start=\"187\" data-end=\"231\"><p data-start=\"189\" data-end=\"231\">la liste d\u00e9taill\u00e9e des outils concern\u00e9s,<\/p><\/li><li data-start=\"232\" data-end=\"256\"><p data-start=\"234\" data-end=\"256\">le bon de livraison,<\/p><\/li><li data-start=\"257\" data-end=\"272\"><p data-start=\"259\" data-end=\"272\">la facture,<\/p><\/li><li data-start=\"273\" data-end=\"312\"><p data-start=\"275\" data-end=\"312\">et l\u2019ensemble des documents associ\u00e9s.<\/p><\/li><\/ul><p data-start=\"314\" data-end=\"394\">Et pour <strong data-start=\"322\" data-end=\"338\">chaque outil<\/strong>, vous disposez d\u2019informations pr\u00e9cises et actualis\u00e9es :<\/p><ul data-start=\"396\" data-end=\"582\"><li data-start=\"396\" data-end=\"444\"><p data-start=\"398\" data-end=\"444\">l\u2019historique complet et l\u2019\u00e9tat d\u2019avancement,<\/p><\/li><li data-start=\"445\" data-end=\"485\"><p data-start=\"447\" data-end=\"485\">les \u00e9tapes du process en temps r\u00e9el,<\/p><\/li><li data-start=\"486\" data-end=\"582\"><p data-start=\"488\" data-end=\"582\">ainsi que tous les documents techniques : fiches de suivi, rapports de contr\u00f4le, mesures, etc.<\/p><\/li><\/ul><p>Une visibilit\u00e9 totale qui vous permet de suivre chaque outil avec pr\u00e9cision et s\u00e9r\u00e9nit\u00e9.<\/p>\t\t\t\t\t\t\t\t<\/div>\n\t\t\t\t<\/div>\n\t\t\t\t<\/div>\n\t\t\t\t\t<\/details>\n\t\t\t\t\t\t<details id=\"e-n-accordion-item-4072\" class=\"e-n-accordion-item\" >\n\t\t\t\t<summary class=\"e-n-accordion-item-title\" data-accordion-index=\"3\" tabindex=\"-1\" aria-expanded=\"false\" aria-controls=\"e-n-accordion-item-4072\" >\n\t\t\t\t\t<span class='e-n-accordion-item-title-header'><p class=\"e-n-accordion-item-title-text\"> Communiquez avec nos \u00e9quipes  <\/p><\/span>\n\t\t\t\t\t\t\t<span class='e-n-accordion-item-title-icon'>\n\t\t\t<span class='e-opened' ><i aria-hidden=\"true\" class=\"fas fa-minus\"><\/i><\/span>\n\t\t\t<span class='e-closed'><i aria-hidden=\"true\" class=\"fas fa-plus\"><\/i><\/span>\n\t\t<\/span>\n\n\t\t\t\t\t\t<\/summary>\n\t\t\t\t<div role=\"region\" aria-labelledby=\"e-n-accordion-item-4072\" class=\"elementor-element elementor-element-57de408 e-con-full e-flex e-con e-child\" data-id=\"57de408\" data-element_type=\"container\">\n\t\t\t\t<div class=\"elementor-element elementor-element-6f0059b texte elementor-widget elementor-widget-text-editor\" data-id=\"6f0059b\" data-element_type=\"widget\" data-widget_type=\"text-editor.default\">\n\t\t\t\t<div class=\"elementor-widget-container\">\n\t\t\t\t\t\t\t\t\t<p data-start=\"157\" data-end=\"285\">Follow Me int\u00e8gre un espace d\u2019\u00e9change d\u00e9di\u00e9, qui vous permet de <strong data-start=\"221\" data-end=\"269\">communiquer facilement avec les \u00e9quipes GTRS<\/strong> \u00e0 chaque \u00e9tape.<\/p><p data-start=\"287\" data-end=\"493\">Depuis votre interface, vous pouvez poser une question, transmettre une information ou signaler un besoin sp\u00e9cifique.<br data-start=\"404\" data-end=\"407\" \/>Et de leur c\u00f4t\u00e9, nos techniciens peuvent \u00e9galement <strong data-start=\"458\" data-end=\"489\">vous pr\u00e9venir en temps r\u00e9el<\/strong> :<\/p><ul data-start=\"494\" data-end=\"660\"><li data-start=\"494\" data-end=\"521\"><p data-start=\"496\" data-end=\"521\">d\u2019un conseil technique,<\/p><\/li><li data-start=\"522\" data-end=\"562\"><p data-start=\"524\" data-end=\"562\">d\u2019un point d\u2019attention sur un outil,<\/p><\/li><li data-start=\"563\" data-end=\"589\"><p data-start=\"565\" data-end=\"589\">d\u2019un probl\u00e8me d\u00e9tect\u00e9,<\/p><\/li><li data-start=\"590\" data-end=\"660\"><p data-start=\"592\" data-end=\"660\">ou d\u2019une recommandation pour optimiser vos prochaines interventions.<\/p><\/li><\/ul><p data-start=\"662\" data-end=\"845\">Ces \u00e9changes centralis\u00e9s dans Follow Me permettent un <strong data-start=\"716\" data-end=\"765\">suivi plus fluide, plus rapide et plus pr\u00e9cis<\/strong>, tout en garantissant une communication claire entre vos \u00e9quipes et les n\u00f4tres.<\/p>\t\t\t\t\t\t\t\t<\/div>\n\t\t\t\t<\/div>\n\t\t\t\t<\/div>\n\t\t\t\t\t<\/details>\n\t\t\t\t\t<\/div>\n\t\t\t\t\t\t<\/div>\n\t\t\t\t<\/div>\n\t\t\t\t\t<\/div>\n\t\t\t\t<\/div>\n\t\t\t\t<\/div>\n\t\t","protected":false},"excerpt":{"rendered":"<p>Home La technologie au service de la pr\u00e9cision Avec Follow Me, GTRS offre un suivi complet de chaque outil du d\u00e9part client jusqu\u2019au contr\u00f4le final. Un syst\u00e8me unique, con\u00e7u sur-mesure pour nos process, qui permet : de tracer chaque outil depuis sa prise en charge jusqu\u2019\u00e0 sa livraison, de suivre en temps r\u00e9el les \u00e9tapes [&hellip;]<\/p>\n","protected":false},"author":1,"featured_media":0,"parent":0,"menu_order":0,"comment_status":"closed","ping_status":"closed","template":"elementor_header_footer","meta":{"site-sidebar-layout":"no-sidebar","site-content-layout":"page-builder","ast-site-content-layout":"full-width-container","site-content-style":"default","site-sidebar-style":"default","ast-global-header-display":"","ast-banner-title-visibility":"","ast-main-header-display":"","ast-hfb-above-header-display":"","ast-hfb-below-header-display":"","ast-hfb-mobile-header-display":"","site-post-title":"","ast-breadcrumbs-content":"","ast-featured-img":"disabled","footer-sml-layout":"","theme-transparent-header-meta":"default","adv-header-id-meta":"","stick-header-meta":"","header-above-stick-meta":"","header-main-stick-meta":"","header-below-stick-meta":"","astra-migrate-meta-layouts":"set","ast-page-background-enabled":"default","ast-page-background-meta":{"desktop":{"background-color":"","background-image":"","background-repeat":"repeat","background-position":"center center","background-size":"auto","background-attachment":"scroll","background-type":"","background-media":"","overlay-type":"","overlay-color":"","overlay-opacity":"","overlay-gradient":""},"tablet":{"background-color":"","background-image":"","background-repeat":"repeat","background-position":"center center","background-size":"auto","background-attachment":"scroll","background-type":"","background-media":"","overlay-type":"","overlay-color":"","overlay-opacity":"","overlay-gradient":""},"mobile":{"background-color":"","background-image":"","background-repeat":"repeat","background-position":"center center","background-size":"auto","background-attachment":"scroll","background-type":"","background-media":"","overlay-type":"","overlay-color":"","overlay-opacity":"","overlay-gradient":""}},"ast-content-background-meta":{"desktop":{"background-color":"var(--ast-global-color-5)","background-image":"","background-repeat":"repeat","background-position":"center center","background-size":"auto","background-attachment":"scroll","background-type":"","background-media":"","overlay-type":"","overlay-color":"","overlay-opacity":"","overlay-gradient":""},"tablet":{"background-color":"var(--ast-global-color-5)","background-image":"","background-repeat":"repeat","background-position":"center center","background-size":"auto","background-attachment":"scroll","background-type":"","background-media":"","overlay-type":"","overlay-color":"","overlay-opacity":"","overlay-gradient":""},"mobile":{"background-color":"var(--ast-global-color-5)","background-image":"","background-repeat":"repeat","background-position":"center center","background-size":"auto","background-attachment":"scroll","background-type":"","background-media":"","overlay-type":"","overlay-color":"","overlay-opacity":"","overlay-gradient":""}},"footnotes":""},"class_list":["post-2889","page","type-page","status-publish","hentry"],"yoast_head":"<!-- This site is optimized with the Yoast SEO plugin v27.1.1 - https:\/\/yoast.com\/product\/yoast-seo-wordpress\/ -->\n<title>Follow Me - GTRS SA<\/title>\n<meta name=\"robots\" content=\"noindex, follow\" \/>\n<meta property=\"og:locale\" content=\"fr_FR\" \/>\n<meta property=\"og:type\" content=\"article\" \/>\n<meta property=\"og:title\" content=\"Follow Me - GTRS SA\" \/>\n<meta property=\"og:description\" content=\"Home La technologie au service de la pr\u00e9cision Avec Follow Me, GTRS offre un suivi complet de chaque outil du d\u00e9part client jusqu\u2019au contr\u00f4le final. Un syst\u00e8me unique, con\u00e7u sur-mesure pour nos process, qui permet : de tracer chaque outil depuis sa prise en charge jusqu\u2019\u00e0 sa livraison, de suivre en temps r\u00e9el les \u00e9tapes [&hellip;]\" \/>\n<meta property=\"og:url\" content=\"https:\/\/www.gtrs-sa.com\/fr\/follow-me\/\" \/>\n<meta property=\"og:site_name\" content=\"GTRS SA\" \/>\n<meta property=\"article:modified_time\" content=\"2025-11-30T17:12:13+00:00\" \/>\n<meta name=\"twitter:card\" content=\"summary_large_image\" \/>\n<meta name=\"twitter:label1\" content=\"Dur\u00e9e de lecture estim\u00e9e\" \/>\n\t<meta name=\"twitter:data1\" content=\"4 minutes\" \/>\n<script type=\"application\/ld+json\" class=\"yoast-schema-graph\">{\"@context\":\"https:\/\/schema.org\",\"@graph\":[{\"@type\":\"WebPage\",\"@id\":\"https:\/\/www.gtrs-sa.com\/fr\/follow-me\/\",\"url\":\"https:\/\/www.gtrs-sa.com\/fr\/follow-me\/\",\"name\":\"Follow Me - GTRS SA\",\"isPartOf\":{\"@id\":\"https:\/\/www.gtrs-sa.com\/fr\/#website\"},\"datePublished\":\"2025-11-30T15:45:57+00:00\",\"dateModified\":\"2025-11-30T17:12:13+00:00\",\"breadcrumb\":{\"@id\":\"https:\/\/www.gtrs-sa.com\/fr\/follow-me\/#breadcrumb\"},\"inLanguage\":\"fr-FR\",\"potentialAction\":[{\"@type\":\"ReadAction\",\"target\":[\"https:\/\/www.gtrs-sa.com\/fr\/follow-me\/\"]}]},{\"@type\":\"BreadcrumbList\",\"@id\":\"https:\/\/www.gtrs-sa.com\/fr\/follow-me\/#breadcrumb\",\"itemListElement\":[{\"@type\":\"ListItem\",\"position\":1,\"name\":\"Home\",\"item\":\"https:\/\/www.gtrs-sa.com\/fr\/\"},{\"@type\":\"ListItem\",\"position\":2,\"name\":\"Follow Me\"}]},{\"@type\":\"WebSite\",\"@id\":\"https:\/\/www.gtrs-sa.com\/fr\/#website\",\"url\":\"https:\/\/www.gtrs-sa.com\/fr\/\",\"name\":\"GTRS SA\",\"description\":\"Plumby Th\u00e8me\",\"publisher\":{\"@id\":\"https:\/\/www.gtrs-sa.com\/fr\/#organization\"},\"potentialAction\":[{\"@type\":\"SearchAction\",\"target\":{\"@type\":\"EntryPoint\",\"urlTemplate\":\"https:\/\/www.gtrs-sa.com\/fr\/?s={search_term_string}\"},\"query-input\":{\"@type\":\"PropertyValueSpecification\",\"valueRequired\":true,\"valueName\":\"search_term_string\"}}],\"inLanguage\":\"fr-FR\"},{\"@type\":\"Organization\",\"@id\":\"https:\/\/www.gtrs-sa.com\/fr\/#organization\",\"name\":\"GTRS SA\",\"url\":\"https:\/\/www.gtrs-sa.com\/fr\/\",\"logo\":{\"@type\":\"ImageObject\",\"inLanguage\":\"fr-FR\",\"@id\":\"https:\/\/www.gtrs-sa.com\/fr\/#\/schema\/logo\/image\/\",\"url\":\"https:\/\/www.gtrs-sa.com\/wp-content\/uploads\/2025\/09\/logo-GTRS-Saazor.png\",\"contentUrl\":\"https:\/\/www.gtrs-sa.com\/wp-content\/uploads\/2025\/09\/logo-GTRS-Saazor.png\",\"width\":2362,\"height\":1785,\"caption\":\"GTRS SA\"},\"image\":{\"@id\":\"https:\/\/www.gtrs-sa.com\/fr\/#\/schema\/logo\/image\/\"}}]}<\/script>\n<!-- \/ Yoast SEO plugin. -->","yoast_head_json":{"title":"Follow Me - GTRS SA","robots":{"index":"noindex","follow":"follow"},"og_locale":"fr_FR","og_type":"article","og_title":"Follow Me - GTRS SA","og_description":"Home La technologie au service de la pr\u00e9cision Avec Follow Me, GTRS offre un suivi complet de chaque outil du d\u00e9part client jusqu\u2019au contr\u00f4le final. Un syst\u00e8me unique, con\u00e7u sur-mesure pour nos process, qui permet : de tracer chaque outil depuis sa prise en charge jusqu\u2019\u00e0 sa livraison, de suivre en temps r\u00e9el les \u00e9tapes [&hellip;]","og_url":"https:\/\/www.gtrs-sa.com\/fr\/follow-me\/","og_site_name":"GTRS SA","article_modified_time":"2025-11-30T17:12:13+00:00","twitter_card":"summary_large_image","twitter_misc":{"Dur\u00e9e de lecture estim\u00e9e":"4 minutes"},"schema":{"@context":"https:\/\/schema.org","@graph":[{"@type":"WebPage","@id":"https:\/\/www.gtrs-sa.com\/fr\/follow-me\/","url":"https:\/\/www.gtrs-sa.com\/fr\/follow-me\/","name":"Follow Me - GTRS SA","isPartOf":{"@id":"https:\/\/www.gtrs-sa.com\/fr\/#website"},"datePublished":"2025-11-30T15:45:57+00:00","dateModified":"2025-11-30T17:12:13+00:00","breadcrumb":{"@id":"https:\/\/www.gtrs-sa.com\/fr\/follow-me\/#breadcrumb"},"inLanguage":"fr-FR","potentialAction":[{"@type":"ReadAction","target":["https:\/\/www.gtrs-sa.com\/fr\/follow-me\/"]}]},{"@type":"BreadcrumbList","@id":"https:\/\/www.gtrs-sa.com\/fr\/follow-me\/#breadcrumb","itemListElement":[{"@type":"ListItem","position":1,"name":"Home","item":"https:\/\/www.gtrs-sa.com\/fr\/"},{"@type":"ListItem","position":2,"name":"Follow Me"}]},{"@type":"WebSite","@id":"https:\/\/www.gtrs-sa.com\/fr\/#website","url":"https:\/\/www.gtrs-sa.com\/fr\/","name":"GTRS SA","description":"Plumby Th\u00e8me","publisher":{"@id":"https:\/\/www.gtrs-sa.com\/fr\/#organization"},"potentialAction":[{"@type":"SearchAction","target":{"@type":"EntryPoint","urlTemplate":"https:\/\/www.gtrs-sa.com\/fr\/?s={search_term_string}"},"query-input":{"@type":"PropertyValueSpecification","valueRequired":true,"valueName":"search_term_string"}}],"inLanguage":"fr-FR"},{"@type":"Organization","@id":"https:\/\/www.gtrs-sa.com\/fr\/#organization","name":"GTRS SA","url":"https:\/\/www.gtrs-sa.com\/fr\/","logo":{"@type":"ImageObject","inLanguage":"fr-FR","@id":"https:\/\/www.gtrs-sa.com\/fr\/#\/schema\/logo\/image\/","url":"https:\/\/www.gtrs-sa.com\/wp-content\/uploads\/2025\/09\/logo-GTRS-Saazor.png","contentUrl":"https:\/\/www.gtrs-sa.com\/wp-content\/uploads\/2025\/09\/logo-GTRS-Saazor.png","width":2362,"height":1785,"caption":"GTRS SA"},"image":{"@id":"https:\/\/www.gtrs-sa.com\/fr\/#\/schema\/logo\/image\/"}}]}},"_links":{"self":[{"href":"https:\/\/www.gtrs-sa.com\/fr\/wp-json\/wp\/v2\/pages\/2889","targetHints":{"allow":["GET"]}}],"collection":[{"href":"https:\/\/www.gtrs-sa.com\/fr\/wp-json\/wp\/v2\/pages"}],"about":[{"href":"https:\/\/www.gtrs-sa.com\/fr\/wp-json\/wp\/v2\/types\/page"}],"author":[{"embeddable":true,"href":"https:\/\/www.gtrs-sa.com\/fr\/wp-json\/wp\/v2\/users\/1"}],"replies":[{"embeddable":true,"href":"https:\/\/www.gtrs-sa.com\/fr\/wp-json\/wp\/v2\/comments?post=2889"}],"version-history":[{"count":14,"href":"https:\/\/www.gtrs-sa.com\/fr\/wp-json\/wp\/v2\/pages\/2889\/revisions"}],"predecessor-version":[{"id":2941,"href":"https:\/\/www.gtrs-sa.com\/fr\/wp-json\/wp\/v2\/pages\/2889\/revisions\/2941"}],"wp:attachment":[{"href":"https:\/\/www.gtrs-sa.com\/fr\/wp-json\/wp\/v2\/media?parent=2889"}],"curies":[{"name":"wp","href":"https:\/\/api.w.org\/{rel}","templated":true}]}}